{"id":2060,"date":"2015-12-04T02:08:42","date_gmt":"2015-12-04T01:08:42","guid":{"rendered":"https:\/\/www.gutachten-unger.de\/peritaje-direccion-de-obra-y-evaluacion\/valoracion-inmobiliaria\/"},"modified":"2024-04-21T22:45:47","modified_gmt":"2024-04-21T20:45:47","slug":"valoracion-inmobiliaria","status":"publish","type":"page","link":"https:\/\/www.gutachten-unger.de\/es\/peritaje-direccion-de-obra-y-evaluacion\/valoracion-inmobiliaria\/","title":{"rendered":"Valoraci\u00f3n inmobiliaria"},"content":{"rendered":"<p><div class=\"fusion-fullwidth fullwidth-box fusion-builder-row-1 nonhundred-percent-fullwidth non-hundred-percent-height-scrolling\" style=\"--awb-background-position:left top;--awb-border-sizes-top:0px;--awb-border-sizes-bottom:0px;--awb-border-sizes-left:0px;--awb-border-sizes-right:0px;--awb-border-radius-top-left:0px;--awb-border-radius-top-right:0px;--awb-border-radius-bottom-right:0px;--awb-border-radius-bottom-left:0px;--awb-padding-top:50px;--awb-padding-bottom:50px;--awb-background-color:#870b13;--awb-flex-wrap:wrap;\" ><div class=\"fusion-builder-row fusion-row\"><div class=\"fusion-layout-column fusion_builder_column fusion-builder-column-0 fusion_builder_column_1_1 1_1 fusion-one-full fusion-column-first fusion-column-last\" style=\"--awb-bg-size:cover;\"><div class=\"fusion-column-wrapper fusion-flex-column-wrapper-legacy\"><div class=\"fusion-text fusion-text-1\"><h2 style=\"font-weight: 300; text-align: center;\"><span style=\"color: #ffffff;\">\u00c1rea de especializaci\u00f3n: Valoraci\u00f3n de inmuebles urbanizados y no urbanizados.<\/span><\/h2>\n<\/div><div class=\"fusion-clearfix\"><\/div><\/div><\/div><\/div><\/div><div class=\"fusion-fullwidth fullwidth-box fusion-builder-row-2 nonhundred-percent-fullwidth non-hundred-percent-height-scrolling\" style=\"--awb-background-position:left top;--awb-border-sizes-top:0px;--awb-border-sizes-bottom:0px;--awb-border-sizes-left:0px;--awb-border-sizes-right:0px;--awb-border-radius-top-left:0px;--awb-border-radius-top-right:0px;--awb-border-radius-bottom-right:0px;--awb-border-radius-bottom-left:0px;--awb-padding-top:0px;--awb-padding-bottom:20px;--awb-background-color:#ffffff;--awb-flex-wrap:wrap;\" ><div class=\"fusion-builder-row fusion-row\"><div class=\"fusion-layout-column fusion_builder_column fusion-builder-column-1 fusion_builder_column_1_1 1_1 fusion-one-full fusion-column-first fusion-column-last\" style=\"--awb-bg-size:cover;--awb-margin-top:-22px;\"><div class=\"fusion-column-wrapper fusion-flex-column-wrapper-legacy\"><div class=\"fusion-aligncenter\"><a class=\"fusion-button button-flat fusion-button-default-size button-custom fusion-button-default button-1 fusion-button-default-span fusion-button-default-type\" style=\"--button_accent_color:#ffffff;--button_accent_hover_color:#333333;--button_border_hover_color:#333333;--button_border_width-top:2px;--button_border_width-right:2px;--button_border_width-bottom:2px;--button_border_width-left:2px;--button_gradient_top_color:#333333;--button_gradient_bottom_color:#333333;--button_gradient_top_color_hover:#ffffff;--button_gradient_bottom_color_hover:#ffffff;\" target=\"_self\" href=\"https:\/\/www.gutachten-unger.de\/kontakt-anfrage\/\"><span class=\"fusion-button-text awb-button__text awb-button__text--default\">Solicitar informaci\u00f3n<\/span><\/a><\/div><div class=\"fusion-clearfix\"><\/div><\/div><\/div><\/div><\/div><div class=\"fusion-fullwidth fullwidth-box fusion-builder-row-3 hundred-percent-fullwidth non-hundred-percent-height-scrolling fusion-equal-height-columns\" style=\"--awb-background-position:right center;--awb-border-sizes-top:0px;--awb-border-sizes-bottom:0px;--awb-border-sizes-left:0px;--awb-border-sizes-right:0px;--awb-border-radius-top-left:0px;--awb-border-radius-top-right:0px;--awb-border-radius-bottom-right:0px;--awb-border-radius-bottom-left:0px;--awb-padding-top:50px;--awb-padding-right:20px;--awb-padding-bottom:0px;--awb-padding-left:20px;--awb-flex-wrap:wrap;\" ><div class=\"fusion-builder-row fusion-row\"><div class=\"fusion-layout-column fusion_builder_column fusion-builder-column-2 fusion_builder_column_2_3 2_3 fusion-two-third fusion-column-first\" style=\"--awb-padding-right:50px;--awb-bg-size:cover;width:66.6666666667%;width:calc(66.6666666667% - ( ( 4% ) * 0.666666666667 ) );margin-right: 4%;\"><div class=\"fusion-column-wrapper fusion-flex-column-wrapper-legacy\"><div class=\"fusion-text fusion-text-2\"><h2 style=\"text-align: left;\">Valoraci\u00f3n inmobiliaria<\/h2>\n<\/div><div class=\"fusion-sep-clear\"><\/div><div class=\"fusion-separator fusion-clearfix\" style=\"float:left;margin-top:0px;margin-bottom:30px;width:100%;max-width:206px;\"><div class=\"fusion-separator-border sep-single sep-solid\" style=\"--awb-height:20px;--awb-amount:20px;--awb-sep-color:#870b13;border-color:#870b13;border-top-width:2px;\"><\/div><\/div><div class=\"fusion-sep-clear\"><\/div><div class=\"fusion-text fusion-text-3\"><h3>\u00c1rea de especializaci\u00f3n: Valoraci\u00f3n de inmuebles urbanizados y no urbanizados.<\/h3>\n<p>La evaluaci\u00f3n objetivamente correcta del valor de una propiedad, especialmente como base para las decisiones de compra, es de fundamental importancia, ya que a menudo est\u00e1n en juego grandes sumas de dinero y las decisiones equivocadas suelen pagarse muy caras.<\/p>\n<p>El objetivo y la finalidad de una valoraci\u00f3n es, entre otras cosas, determinar objetivamente el valor de mercado de las propiedades urbanizadas y no urbanizadas y presentarlo de forma que el resultado y los pasos que conducen a \u00e9l sean verificables y comprensibles incluso para un profano.<\/p>\n<p>Para limitar al m\u00e1ximo los riesgos econ\u00f3micos, es esencial que un experto cualificado realice una evaluaci\u00f3n seria, profesional y basada en el mercado de las propiedades y terrenos para una amplia variedad de usos.<\/p>\n<p>Por ello, preparo para ti tasaciones del valor de mercado con fines muy diversos. Puede tratarse, por ejemplo, de la compraventa de bienes inmuebles, la hipoteca con fines de financiaci\u00f3n, los procedimientos de partici\u00f3n o venta forzosa, los litigios judiciales o extrajudiciales sobre la propiedad o los litigios entre comunidades de herederos. Pero tambi\u00e9n el examen del impuesto sobre donaciones, el impuesto de sucesiones sobre bienes inmuebles, etc. son motivos que hacen indispensable la opini\u00f3n de un experto.<\/p>\n<p>Como la valoraci\u00f3n de inmuebles en Alemania est\u00e1 legalmente normalizada en la ordenanza de valoraci\u00f3n de inmuebles Immowert V, aplico los procedimientos de valoraci\u00f3n definidos en ella:<\/p>\n<ul style=\"--awb-iconcolor:#303030;--awb-line-height:23.8px;--awb-icon-width:23.8px;--awb-icon-height:23.8px;--awb-icon-margin:9.8px;--awb-content-margin:33.6px;\" class=\"fusion-checklist fusion-checklist-1 fusion-checklist-default type-icons\"><li class=\"fusion-li-item\" style=\"\"><span class=\"icon-wrapper circle-no\"><i class=\"fusion-li-icon fa-angle-right fas\" aria-hidden=\"true\"><\/i><\/span><div class=\"fusion-li-item-content\">el m\u00e9todo del valor comparativo (\u00a715-16 Immowert V )<\/div><\/li><li class=\"fusion-li-item\" style=\"\"><span class=\"icon-wrapper circle-no\"><i class=\"fusion-li-icon fa-angle-right fas\" aria-hidden=\"true\"><\/i><\/span><div class=\"fusion-li-item-content\">el enfoque de capitalizaci\u00f3n de ingresos (\u00a7 17-20 Immowert V )<\/div><\/li><li class=\"fusion-li-item\" style=\"\"><span class=\"icon-wrapper circle-no\"><i class=\"fusion-li-icon fa-angle-right fas\" aria-hidden=\"true\"><\/i><\/span><div class=\"fusion-li-item-content\">el m\u00e9todo del valor de los activos (\u00a721-23 Immowert V )<\/div><\/li><\/ul>\n<p>La aplicaci\u00f3n de estos procedimientos normalizados es obligatoria por ley y permite la mejor representaci\u00f3n posible del mercado inmobiliario.<\/p>\n<p>Para estos procedimientos se requiere una amplia investigaci\u00f3n, documentaci\u00f3n y una inspecci\u00f3n del lugar. Tras revisar los documentos que me has facilitado, obtendr\u00e9, por supuesto, toda la informaci\u00f3n adicional necesaria para elaborar un dictamen pericial serio.<\/p>\n<p>Por razones de transparencia y para darte una visi\u00f3n aproximada de los costes que cabe esperar, puedes solicitar una tabla de honorarios por mis servicios por correo electr\u00f3nico utilizando el formulario de consulta \u00abHonorarios\u00bb de la secci\u00f3n de contacto.<\/p>\n<\/div><div class=\"fusion-clearfix\"><\/div><\/div><\/div><div class=\"fusion-layout-column fusion_builder_column fusion-builder-column-3 fusion_builder_column_1_3 1_3 fusion-one-third fusion-column-last\" style=\"--awb-bg-size:cover;width:33.3333333333%;width:calc(33.3333333333% - ( ( 4% ) * 0.333333333333 ) );\"><div class=\"fusion-column-wrapper fusion-flex-column-wrapper-legacy\"><div class=\"fusion-image-element in-legacy-container\" style=\"--awb-caption-title-font-family:var(--h2_typography-font-family);--awb-caption-title-font-weight:var(--h2_typography-font-weight);--awb-caption-title-font-style:var(--h2_typography-font-style);--awb-caption-title-size:var(--h2_typography-font-size);--awb-caption-title-transform:var(--h2_typography-text-transform);--awb-caption-title-line-height:var(--h2_typography-line-height);--awb-caption-title-letter-spacing:var(--h2_typography-letter-spacing);\"><span class=\" fusion-imageframe imageframe-none imageframe-1 hover-type-none\"><img decoding=\"async\" width=\"600\" height=\"400\" alt=\"Valoraci\u00f3n inmobiliaria\" title=\"Immobilienbewertung\" src=\"https:\/\/www.gutachten-unger.de\/wp-content\/uploads\/immobilienbewertung.jpg\" class=\"img-responsive wp-image-1921\" srcset=\"https:\/\/www.gutachten-unger.de\/wp-content\/uploads\/immobilienbewertung-200x133.jpg 200w, https:\/\/www.gutachten-unger.de\/wp-content\/uploads\/immobilienbewertung-400x267.jpg 400w, https:\/\/www.gutachten-unger.de\/wp-content\/uploads\/immobilienbewertung.jpg 600w\" sizes=\"(max-width: 800px) 100vw, 600px\" \/><\/span><\/div><div class=\"fusion-title title fusion-title-1 fusion-sep-none fusion-title-text fusion-title-size-one\" style=\"--awb-margin-top:40px;--awb-margin-bottom:30px;--awb-margin-top-small:0px;--awb-margin-right-small:0px;--awb-margin-bottom-small:20px;--awb-margin-left-small:0px;\"><h1 class=\"fusion-title-heading title-heading-left fusion-responsive-typography-calculated\" style=\"margin:0;--fontSize:34;line-height:1.40;\"><\/h1><\/div><div class=\"fusion-clearfix\"><\/div><\/div><\/div><\/div><\/div><\/p>\n","protected":false},"excerpt":{"rendered":"","protected":false},"author":1,"featured_media":0,"parent":1993,"menu_order":0,"comment_status":"closed","ping_status":"closed","template":"100-width.php","meta":{"footnotes":""},"yst_prominent_words":[55,45,44,187,100,97,129,105,98,128,124,46,43,41,42,54,104,47,48,52],"class_list":["post-2060","page","type-page","status-publish","hentry"],"_links":{"self":[{"href":"https:\/\/www.gutachten-unger.de\/es\/wp-json\/wp\/v2\/pages\/2060","targetHints":{"allow":["GET"]}}],"collection":[{"href":"https:\/\/www.gutachten-unger.de\/es\/wp-json\/wp\/v2\/pages"}],"about":[{"href":"https:\/\/www.gutachten-unger.de\/es\/wp-json\/wp\/v2\/types\/page"}],"author":[{"embeddable":true,"href":"https:\/\/www.gutachten-unger.de\/es\/wp-json\/wp\/v2\/users\/1"}],"replies":[{"embeddable":true,"href":"https:\/\/www.gutachten-unger.de\/es\/wp-json\/wp\/v2\/comments?post=2060"}],"version-history":[{"count":7,"href":"https:\/\/www.gutachten-unger.de\/es\/wp-json\/wp\/v2\/pages\/2060\/revisions"}],"predecessor-version":[{"id":2067,"href":"https:\/\/www.gutachten-unger.de\/es\/wp-json\/wp\/v2\/pages\/2060\/revisions\/2067"}],"up":[{"embeddable":true,"href":"https:\/\/www.gutachten-unger.de\/es\/wp-json\/wp\/v2\/pages\/1993"}],"wp:attachment":[{"href":"https:\/\/www.gutachten-unger.de\/es\/wp-json\/wp\/v2\/media?parent=2060"}],"wp:term":[{"taxonomy":"yst_prominent_words","embeddable":true,"href":"https:\/\/www.gutachten-unger.de\/es\/wp-json\/wp\/v2\/yst_prominent_words?post=2060"}],"curies":[{"name":"wp","href":"https:\/\/api.w.org\/{rel}","templated":true}]}}