{"id":2071,"date":"2018-08-14T11:12:12","date_gmt":"2018-08-14T09:12:12","guid":{"rendered":"https:\/\/www.gutachten-unger.de\/peritaje-direccion-de-obra-y-evaluacion\/danos-a-edificios\/"},"modified":"2024-04-21T22:51:40","modified_gmt":"2024-04-21T20:51:40","slug":"danos-a-edificios","status":"publish","type":"page","link":"https:\/\/www.gutachten-unger.de\/es\/peritaje-direccion-de-obra-y-evaluacion\/danos-a-edificios\/","title":{"rendered":"Da\u00f1os a edificios"},"content":{"rendered":"<p><div class=\"fusion-fullwidth fullwidth-box fusion-builder-row-1 nonhundred-percent-fullwidth non-hundred-percent-height-scrolling\" style=\"--awb-background-position:left top;--awb-border-sizes-top:0px;--awb-border-sizes-bottom:0px;--awb-border-sizes-left:0px;--awb-border-sizes-right:0px;--awb-border-radius-top-left:0px;--awb-border-radius-top-right:0px;--awb-border-radius-bottom-right:0px;--awb-border-radius-bottom-left:0px;--awb-padding-top:50px;--awb-padding-bottom:50px;--awb-background-color:#870b13;--awb-flex-wrap:wrap;\" ><div class=\"fusion-builder-row fusion-row\"><div class=\"fusion-layout-column fusion_builder_column fusion-builder-column-0 fusion_builder_column_1_1 1_1 fusion-one-full fusion-column-first fusion-column-last\" style=\"--awb-bg-size:cover;\"><div class=\"fusion-column-wrapper fusion-flex-column-wrapper-legacy\"><div class=\"fusion-text fusion-text-1\"><h2 style=\"font-weight: 300; text-align: center;\"><span style=\"color: #ffffff;\">Defectos de construcci\u00f3n y da\u00f1os estructurales<\/span><\/h2>\n<\/div><div class=\"fusion-clearfix\"><\/div><\/div><\/div><\/div><\/div><div class=\"fusion-fullwidth fullwidth-box fusion-builder-row-2 nonhundred-percent-fullwidth non-hundred-percent-height-scrolling\" style=\"--awb-background-position:left top;--awb-border-sizes-top:0px;--awb-border-sizes-bottom:0px;--awb-border-sizes-left:0px;--awb-border-sizes-right:0px;--awb-border-radius-top-left:0px;--awb-border-radius-top-right:0px;--awb-border-radius-bottom-right:0px;--awb-border-radius-bottom-left:0px;--awb-padding-top:0px;--awb-padding-bottom:20px;--awb-background-color:#ffffff;--awb-flex-wrap:wrap;\" ><div class=\"fusion-builder-row fusion-row\"><div class=\"fusion-layout-column fusion_builder_column fusion-builder-column-1 fusion_builder_column_1_1 1_1 fusion-one-full fusion-column-first fusion-column-last\" style=\"--awb-bg-size:cover;--awb-margin-top:-22px;\"><div class=\"fusion-column-wrapper fusion-flex-column-wrapper-legacy\"><div class=\"fusion-aligncenter\"><a class=\"fusion-button button-flat fusion-button-default-size button-custom fusion-button-default button-1 fusion-button-default-span fusion-button-default-type\" style=\"--button_accent_color:#ffffff;--button_accent_hover_color:#333333;--button_border_hover_color:#333333;--button_border_width-top:2px;--button_border_width-right:2px;--button_border_width-bottom:2px;--button_border_width-left:2px;--button_gradient_top_color:#333333;--button_gradient_bottom_color:#333333;--button_gradient_top_color_hover:#ffffff;--button_gradient_bottom_color_hover:#ffffff;\" target=\"_self\" href=\"https:\/\/www.gutachten-unger.de\/kontakt-anfrage\/\"><span class=\"fusion-button-text awb-button__text awb-button__text--default\">Solicitar informaci\u00f3n<\/span><\/a><\/div><div class=\"fusion-clearfix\"><\/div><\/div><\/div><\/div><\/div><div class=\"fusion-fullwidth fullwidth-box fusion-builder-row-3 hundred-percent-fullwidth non-hundred-percent-height-scrolling fusion-equal-height-columns\" style=\"--awb-background-position:right center;--awb-border-sizes-top:0px;--awb-border-sizes-bottom:0px;--awb-border-sizes-left:0px;--awb-border-sizes-right:0px;--awb-border-radius-top-left:0px;--awb-border-radius-top-right:0px;--awb-border-radius-bottom-right:0px;--awb-border-radius-bottom-left:0px;--awb-padding-top:50px;--awb-padding-right:20px;--awb-padding-bottom:0px;--awb-padding-left:20px;--awb-flex-wrap:wrap;\" ><div class=\"fusion-builder-row fusion-row\"><div class=\"fusion-layout-column fusion_builder_column fusion-builder-column-2 fusion_builder_column_1_1 1_1 fusion-one-full fusion-column-first fusion-column-last\" style=\"--awb-padding-right:50px;--awb-bg-size:cover;\"><div class=\"fusion-column-wrapper fusion-flex-column-wrapper-legacy\"><div class=\"fusion-text fusion-text-2\"><h2 style=\"text-align: left;\">Da\u00f1os a edificios<\/h2>\n<\/div><div class=\"fusion-sep-clear\"><\/div><div class=\"fusion-separator fusion-clearfix\" style=\"float:left;margin-top:0px;margin-bottom:30px;width:100%;max-width:206px;\"><div class=\"fusion-separator-border sep-single sep-solid\" style=\"--awb-height:20px;--awb-amount:20px;--awb-sep-color:#870b13;border-color:#870b13;border-top-width:2px;\"><\/div><\/div><div class=\"fusion-sep-clear\"><\/div><div class=\"fusion-text fusion-text-3\"><p>Enfrentarse a disputas legales, especialmente en asuntos de construcci\u00f3n, en los tribunales estatales es caro, largo y, como es bien sabido, tiene un resultado incierto. Los litigios judiciales, sobre todo en el caso de relaciones contractuales complejas destinadas a durar m\u00e1s tiempo, tambi\u00e9n provocan inevitablemente una considerable p\u00e9rdida de confianza entre las partes en conflicto. El fin de esta cooperaci\u00f3n es inevitable, con consecuencias financieras entre negativas y desastrosas para ambas partes contratantes. Para evitar un final tan ag\u00f3nico y costoso de la cooperaci\u00f3n iniciada con optimismo, la intervenci\u00f3n de un experto puede desempe\u00f1ar un papel decisivo.<\/p>\n<p>La gama de soluciones extrajudiciales de conflictos incluye, por ejemplo, peritajes privados, dict\u00e1menes arbitrales o conciliaci\u00f3n\/mediaci\u00f3n.<br \/>\nEncargar un peritaje privado puede ser conveniente para el cliente en varios aspectos y conducir a la resoluci\u00f3n extrajudicial de un litigio. El dictamen pericial proporciona al cliente una valiosa ayuda para decidir si tiene sentido iniciar un litigio. Con su ayuda, se pueden aclarar las responsabilidades y evitar disputas legales innecesarias.<\/p>\n<p>Al acordar un informe de arbitraje, las partes pueden pactar contractualmente que el informe de un perito aclare las cuestiones controvertidas entre ellas con efecto vinculante. Este acuerdo entre las partes, el convenio arbitral, puede celebrarse como medida cautelar en caso de futuras diferencias de opini\u00f3n, pero tambi\u00e9n despu\u00e9s de que ya haya surgido un litigio. Si las partes acuerdan una cl\u00e1usula compromisoria y asignan la resoluci\u00f3n de las cuestiones controvertidas a un perito, suelen hacerlo para evitar un proceso costoso y largo, que puede perturbar gravemente el entendimiento de las partes que dependen de una mayor cooperaci\u00f3n y en el que, en \u00faltima instancia, el juez tambi\u00e9n depender\u00eda del criterio profesional del perito. El arbitraje tambi\u00e9n es un medio reconocido y expeditivo de resolver un litigio extrajudicialmente. Sin embargo, un informe arbitral no es un arbitraje en sentido estricto, sino una forma de resoluci\u00f3n extrajudicial de conflictos.<\/p>\n<p>El arbitraje es, por tanto, un medio extendido y reconocido de resolver los litigios extrajudicialmente. Sin embargo, requiere un alto grado de concienciaci\u00f3n y responsabilidad por parte del perito debido a la limitada revisabilidad judicial. Esto se aplica en particular a los litigios, a menudo costosos y complejos, en materia de construcci\u00f3n.<\/p>\n<h3>Arbitraje \/ Mediaci\u00f3n<\/h3>\n<p>En el arbitraje, las partes contendientes recurren a un tercero imparcial, el perito, que no tiene autoridad decisoria final, sino que se supone que hace una propuesta de acuerdo no vinculante. En la mediaci\u00f3n, el mediador, tambi\u00e9n en este caso el experto, tampoco tiene poder de decisi\u00f3n, sino que las partes act\u00faan bajo su propia responsabilidad y el procedimiento s\u00f3lo puede concluir con \u00e9xito mediante una soluci\u00f3n voluntaria y de mutuo acuerdo entre las partes. Si el procedimiento fracasa, a\u00fan queda la opci\u00f3n de acudir a los tribunales.<\/p>\n<p>En Alemania, estos procedimientos se han introducido y probado en muchos \u00e1mbitos de la vida empresarial. Tanto la conciliaci\u00f3n como la mediaci\u00f3n dependen de la voluntad de las partes de cooperar. El hecho de que las partes finalmente est\u00e9n de acuerdo con la decisi\u00f3n propuesta por el \u00e1rbitro o trabajen ellas mismas en esta propuesta con el apoyo de un mediador\/\u00e1rbitro es, en \u00faltima instancia, irrelevante para el resultado voluntario y mutuamente aceptado.<\/p>\n<p>La mayor ventaja de un procedimiento de arbitraje\/mediaci\u00f3n es, sin duda, que no se da\u00f1an las relaciones personales y empresariales de las partes y que \u00e9stas participan activamente en la resoluci\u00f3n del conflicto. No se retira una base para seguir cooperando, sino que se mantiene.<\/p>\n<p>Como tanto la conciliaci\u00f3n como la mediaci\u00f3n tienen lugar en privado, a diferencia de la jurisdicci\u00f3n estatal, tambi\u00e9n se garantiza un alto grado de confidencialidad.<\/p>\n<\/div><div class=\"fusion-text fusion-text-4\"><\/div><div class=\"fusion-clearfix\"><\/div><\/div><\/div><\/div><\/div><\/p>\n","protected":false},"excerpt":{"rendered":"","protected":false},"author":1,"featured_media":0,"parent":1993,"menu_order":0,"comment_status":"closed","ping_status":"closed","template":"100-width.php","meta":{"footnotes":""},"yst_prominent_words":[45,126,44,185,190,189,192,42,125,140,193,186,195,188,130,196,191,47,48,194],"class_list":["post-2071","page","type-page","status-publish","hentry"],"_links":{"self":[{"href":"https:\/\/www.gutachten-unger.de\/es\/wp-json\/wp\/v2\/pages\/2071","targetHints":{"allow":["GET"]}}],"collection":[{"href":"https:\/\/www.gutachten-unger.de\/es\/wp-json\/wp\/v2\/pages"}],"about":[{"href":"https:\/\/www.gutachten-unger.de\/es\/wp-json\/wp\/v2\/types\/page"}],"author":[{"embeddable":true,"href":"https:\/\/www.gutachten-unger.de\/es\/wp-json\/wp\/v2\/users\/1"}],"replies":[{"embeddable":true,"href":"https:\/\/www.gutachten-unger.de\/es\/wp-json\/wp\/v2\/comments?post=2071"}],"version-history":[{"count":2,"href":"https:\/\/www.gutachten-unger.de\/es\/wp-json\/wp\/v2\/pages\/2071\/revisions"}],"predecessor-version":[{"id":2073,"href":"https:\/\/www.gutachten-unger.de\/es\/wp-json\/wp\/v2\/pages\/2071\/revisions\/2073"}],"up":[{"embeddable":true,"href":"https:\/\/www.gutachten-unger.de\/es\/wp-json\/wp\/v2\/pages\/1993"}],"wp:attachment":[{"href":"https:\/\/www.gutachten-unger.de\/es\/wp-json\/wp\/v2\/media?parent=2071"}],"wp:term":[{"taxonomy":"yst_prominent_words","embeddable":true,"href":"https:\/\/www.gutachten-unger.de\/es\/wp-json\/wp\/v2\/yst_prominent_words?post=2071"}],"curies":[{"name":"wp","href":"https:\/\/api.w.org\/{rel}","templated":true}]}}