{"id":2074,"date":"2018-08-23T17:39:43","date_gmt":"2018-08-23T15:39:43","guid":{"rendered":"https:\/\/www.gutachten-unger.de\/diagnostico-de-edificios\/"},"modified":"2024-04-21T22:57:59","modified_gmt":"2024-04-21T20:57:59","slug":"diagnostico-de-edificios","status":"publish","type":"page","link":"https:\/\/www.gutachten-unger.de\/es\/diagnostico-de-edificios\/","title":{"rendered":"Diagn\u00f3stico de edificios"},"content":{"rendered":"<p><div class=\"fusion-fullwidth fullwidth-box fusion-builder-row-1 nonhundred-percent-fullwidth non-hundred-percent-height-scrolling\" style=\"--awb-background-position:left top;--awb-border-sizes-top:0px;--awb-border-sizes-bottom:0px;--awb-border-sizes-left:0px;--awb-border-sizes-right:0px;--awb-border-radius-top-left:0px;--awb-border-radius-top-right:0px;--awb-border-radius-bottom-right:0px;--awb-border-radius-bottom-left:0px;--awb-padding-top:50px;--awb-padding-bottom:50px;--awb-background-color:#870b13;--awb-flex-wrap:wrap;\" ><div class=\"fusion-builder-row fusion-row\"><div class=\"fusion-layout-column fusion_builder_column fusion-builder-column-0 fusion_builder_column_1_1 1_1 fusion-one-full fusion-column-first fusion-column-last\" style=\"--awb-bg-size:cover;\"><div class=\"fusion-column-wrapper fusion-flex-column-wrapper-legacy\"><div class=\"fusion-text fusion-text-1\"><h2 style=\"font-weight: 300; text-align: center;\"><span style=\"color: #ffffff;\">Medios para analizar el parque inmobiliario<\/span><\/h2>\n<\/div><div class=\"fusion-clearfix\"><\/div><\/div><\/div><\/div><\/div><div class=\"fusion-fullwidth fullwidth-box fusion-builder-row-2 nonhundred-percent-fullwidth non-hundred-percent-height-scrolling\" style=\"--awb-background-position:left top;--awb-border-sizes-top:0px;--awb-border-sizes-bottom:0px;--awb-border-sizes-left:0px;--awb-border-sizes-right:0px;--awb-border-radius-top-left:0px;--awb-border-radius-top-right:0px;--awb-border-radius-bottom-right:0px;--awb-border-radius-bottom-left:0px;--awb-padding-top:0px;--awb-padding-bottom:20px;--awb-background-color:#ffffff;--awb-flex-wrap:wrap;\" ><div class=\"fusion-builder-row fusion-row\"><div class=\"fusion-layout-column fusion_builder_column fusion-builder-column-1 fusion_builder_column_1_1 1_1 fusion-one-full fusion-column-first fusion-column-last\" style=\"--awb-bg-size:cover;--awb-margin-top:-22px;\"><div class=\"fusion-column-wrapper fusion-flex-column-wrapper-legacy\"><div class=\"fusion-aligncenter\"><a class=\"fusion-button button-flat fusion-button-default-size button-custom fusion-button-default button-1 fusion-button-default-span fusion-button-default-type\" style=\"--button_accent_color:#ffffff;--button_accent_hover_color:#333333;--button_border_hover_color:#333333;--button_border_width-top:2px;--button_border_width-right:2px;--button_border_width-bottom:2px;--button_border_width-left:2px;--button_gradient_top_color:#333333;--button_gradient_bottom_color:#333333;--button_gradient_top_color_hover:#ffffff;--button_gradient_bottom_color_hover:#ffffff;\" target=\"_self\" href=\"https:\/\/www.gutachten-unger.de\/es\/contacto-consulta\/\"><span class=\"fusion-button-text awb-button__text awb-button__text--default\">Solicitar informaci\u00f3n<\/span><\/a><\/div><div class=\"fusion-clearfix\"><\/div><\/div><\/div><\/div><\/div><div class=\"fusion-fullwidth fullwidth-box fusion-builder-row-3 hundred-percent-fullwidth non-hundred-percent-height-scrolling fusion-equal-height-columns\" style=\"--awb-background-position:right center;--awb-border-sizes-top:0px;--awb-border-sizes-bottom:0px;--awb-border-sizes-left:0px;--awb-border-sizes-right:0px;--awb-border-radius-top-left:0px;--awb-border-radius-top-right:0px;--awb-border-radius-bottom-right:0px;--awb-border-radius-bottom-left:0px;--awb-padding-top:50px;--awb-padding-right:20px;--awb-padding-bottom:0px;--awb-padding-left:20px;--awb-flex-wrap:wrap;\" ><div class=\"fusion-builder-row fusion-row\"><div class=\"fusion-layout-column fusion_builder_column fusion-builder-column-2 fusion_builder_column_1_1 1_1 fusion-one-full fusion-column-first fusion-column-last\" style=\"--awb-padding-right:50px;--awb-bg-size:cover;\"><div class=\"fusion-column-wrapper fusion-flex-column-wrapper-legacy\"><div class=\"fusion-text fusion-text-2\"><h2 style=\"text-align: left;\">Diagn\u00f3stico de edificios<\/h2>\n<\/div><div class=\"fusion-sep-clear\"><\/div><div class=\"fusion-separator fusion-clearfix\" style=\"float:left;margin-top:0px;margin-bottom:30px;width:100%;max-width:206px;\"><div class=\"fusion-separator-border sep-single sep-solid\" style=\"--awb-height:20px;--awb-amount:20px;--awb-sep-color:#870b13;border-color:#870b13;border-top-width:2px;\"><\/div><\/div><div class=\"fusion-sep-clear\"><\/div><div class=\"fusion-text fusion-text-3\"><h2>El diagn\u00f3stico de edificios como medio de an\u00e1lisis del parque inmobiliario<\/h2>\n<p>Si eres propietario de una&nbsp;<strong>propiedad<\/strong>&nbsp;, que ya tiene varias d\u00e9cadas de antig\u00fcedad, a veces es de importancia fundamental examinar a fondo el edificio existente. Esto se debe a que los edificios antiguos, en particular, est\u00e1n naturalmente sujetos a ciertos cambios a lo largo de los a\u00f1os, cuya documentaci\u00f3n es esencial para la preparaci\u00f3n de una posible venta o alteraci\u00f3n estructural.&nbsp;<strong>medida<\/strong>es muy importante.<\/p>\n<h2>Diagn\u00f3stico de edificios y su alcance<\/h2>\n<p>Un examen tan fundamental del parque de edificios es correspondientemente extenso. El diagn\u00f3stico de edificios te ofrece una gama muy amplia de servicios a los que puedes recurrir si lo necesitas. Empezando por la localizaci\u00f3n de cualquier tuber\u00eda o componente oculto, una investigaci\u00f3n de las tuber\u00edas y conductos conocidos, la localizaci\u00f3n de cualquier punto de entrada de agua en las zonas del tejado y la fachada, hasta una investigaci\u00f3n muy exhaustiva.&nbsp;Adem\u00e1s de los <strong>ex\u00e1menes termogr\u00e1ficos<\/strong>de todo el edificio, este m\u00e9todo especial de diagn\u00f3stico ofrece un amplio campo de actividad. La lista anterior no es en absoluto exhaustiva; los componentes de estos diagn\u00f3sticos tambi\u00e9n pueden incluir el examen del tejido del edificio para detectar la infestaci\u00f3n de moho, incluido un an\u00e1lisis de laboratorio y la creaci\u00f3n de un concepto de reparaci\u00f3n en caso de infestaci\u00f3n elemental de moho. Un \u00e1rea importante para la&nbsp;<strong>Diagn\u00f3stico de edificios<\/strong>&nbsp;tambi\u00e9n es un examen en profundidad del clima interior.<\/p>\n<p>Una medici\u00f3n clim\u00e1tica realizada en este sentido te proporciona, como propietario de un edificio antiguo, una valiosa instant\u00e1nea del clima, que luego constituye la base de una rehabilitaci\u00f3n satisfactoria del edificio antiguo. Las mediciones a largo plazo permiten a los expertos obtener datos significativos sobre la temperatura ambiente, la temperatura de la superficie y las corrientes de aire predominantes en un edificio.<\/p>\n<div>\n<div class=\"preview\">\n<h2>Los \u00e1mbitos de aplicaci\u00f3n del diagn\u00f3stico de edificios<\/h2>\n<p>Como resultado de esta ampl\u00edsima gama de servicios, acaban cristalizando dos \u00e1mbitos de aplicaci\u00f3n: la investigaci\u00f3n de edificios existentes y el seguimiento y supervisi\u00f3n de la construcci\u00f3n. La investigaci\u00f3n de la&nbsp;<strong>Construir un almac\u00e9n<\/strong>&nbsp;es importante si t\u00fa, como propietario, quieres vender o renovar la propiedad. Si el inmueble que se va a vender tiene pocos defectos, esto tiene naturalmente un efecto directo en el valor del inmueble y, por tanto, en el precio de compra. Una inspecci\u00f3n minuciosa del edificio existente tambi\u00e9n puede revelar defectos ocultos, como fugas en las instalaciones y sistemas portadores de agua, que pueden subsanarse a tiempo antes de una posible venta. El estudio completo del edificio tambi\u00e9n puede incluirse en el contrato de compraventa notarial, para que el conocimiento por parte del comprador de cualquier defecto en la estructura del edificio sea evidente.<\/p>\n<p>De este modo se evita regularmente que se anulen los contratos de compra por defectos ocultos, sobre todo porque se reconocen de antemano mediante un diagn\u00f3stico detallado del edificio. Sin embargo, estos diagn\u00f3sticos tambi\u00e9n proporcionan una valiosa ayuda como medida complementaria de las medidas correctoras. Hay normas muy importantes sobre energ\u00eda, calor, humedad y ventilaci\u00f3n que deben cumplirse. Por eso, en el marco de las amplias medidas de rehabilitaci\u00f3n, el propietario correspondiente de un inmueble envejecido desea cumplir los valores prescritos legalmente. A este respecto, en el marco de una medida de renovaci\u00f3n, un&nbsp;<strong>Garant\u00eda de calidad<\/strong>&nbsp;en demanda. Los expertos lo hacen posible realizando los an\u00e1lisis adecuados durante la fase de saneamiento.<\/p>\n<h2>El diagn\u00f3stico de edificios y sus objetivos<\/h2>\n<p>El diagn\u00f3stico exhaustivo de los edificios sirve, en \u00faltima instancia, para varios fines. Adem\u00e1s de la preparaci\u00f3n antes mencionada para la posible venta de un inmueble o la preparaci\u00f3n de su renovaci\u00f3n, debe garantizar, por supuesto, un buen clima interior y de vida. No en vano, los diagn\u00f3sticos de edificios se centran muy a menudo en cuestiones de la llamada \u00abintegridad estructural\u00bb.&nbsp;<strong>Biolog\u00eda de la construcci\u00f3n<\/strong>. Es importante comprender en qu\u00e9 medida la energ\u00eda, el calor, la humedad de los edificios, el moho y el comportamiento de la ventilaci\u00f3n afectan al bienestar de los ocupantes. Los diagn\u00f3sticos exhaustivos de los edificios tambi\u00e9n deben crear las condiciones para el cumplimiento de las normas legales y, en \u00faltima instancia, conducir a una buena&nbsp;<strong>Relaci\u00f3n<\/strong>&nbsp;entre inquilino y propietario, etc. En \u00faltima instancia, los expertos en este campo est\u00e1n muy solicitados y se les puede preguntar por una gran variedad de problemas relacionados con tu propiedad.<\/p>\n<\/div>\n<\/div>\n<\/div><div class=\"fusion-clearfix\"><\/div><\/div><\/div><\/div><\/div><\/p>\n","protected":false},"excerpt":{"rendered":"","protected":false},"author":1,"featured_media":0,"parent":0,"menu_order":0,"comment_status":"closed","ping_status":"closed","template":"100-width.php","meta":{"footnotes":""},"yst_prominent_words":[217,207,216,202,212,210,203,208,213,215,201,204,205,127,218,214,206,75,209,211],"class_list":["post-2074","page","type-page","status-publish","hentry"],"_links":{"self":[{"href":"https:\/\/www.gutachten-unger.de\/es\/wp-json\/wp\/v2\/pages\/2074","targetHints":{"allow":["GET"]}}],"collection":[{"href":"https:\/\/www.gutachten-unger.de\/es\/wp-json\/wp\/v2\/pages"}],"about":[{"href":"https:\/\/www.gutachten-unger.de\/es\/wp-json\/wp\/v2\/types\/page"}],"author":[{"embeddable":true,"href":"https:\/\/www.gutachten-unger.de\/es\/wp-json\/wp\/v2\/users\/1"}],"replies":[{"embeddable":true,"href":"https:\/\/www.gutachten-unger.de\/es\/wp-json\/wp\/v2\/comments?post=2074"}],"version-history":[{"count":8,"href":"https:\/\/www.gutachten-unger.de\/es\/wp-json\/wp\/v2\/pages\/2074\/revisions"}],"predecessor-version":[{"id":2095,"href":"https:\/\/www.gutachten-unger.de\/es\/wp-json\/wp\/v2\/pages\/2074\/revisions\/2095"}],"wp:attachment":[{"href":"https:\/\/www.gutachten-unger.de\/es\/wp-json\/wp\/v2\/media?parent=2074"}],"wp:term":[{"taxonomy":"yst_prominent_words","embeddable":true,"href":"https:\/\/www.gutachten-unger.de\/es\/wp-json\/wp\/v2\/yst_prominent_words?post=2074"}],"curies":[{"name":"wp","href":"https:\/\/api.w.org\/{rel}","templated":true}]}}