{"id":2077,"date":"2018-08-23T17:09:02","date_gmt":"2018-08-23T15:09:02","guid":{"rendered":"https:\/\/www.gutachten-unger.de\/gestion-del-sitio\/"},"modified":"2024-04-21T22:58:16","modified_gmt":"2024-04-21T20:58:16","slug":"gestion-del-sitio","status":"publish","type":"page","link":"https:\/\/www.gutachten-unger.de\/es\/gestion-del-sitio\/","title":{"rendered":"Gesti\u00f3n del sitio"},"content":{"rendered":"<p><div class=\"fusion-fullwidth fullwidth-box fusion-builder-row-1 nonhundred-percent-fullwidth non-hundred-percent-height-scrolling\" style=\"--awb-background-position:left top;--awb-border-sizes-top:0px;--awb-border-sizes-bottom:0px;--awb-border-sizes-left:0px;--awb-border-sizes-right:0px;--awb-border-radius-top-left:0px;--awb-border-radius-top-right:0px;--awb-border-radius-bottom-right:0px;--awb-border-radius-bottom-left:0px;--awb-padding-top:50px;--awb-padding-bottom:50px;--awb-background-color:#870b13;--awb-flex-wrap:wrap;\" ><div class=\"fusion-builder-row fusion-row\"><div class=\"fusion-layout-column fusion_builder_column fusion-builder-column-0 fusion_builder_column_1_1 1_1 fusion-one-full fusion-column-first fusion-column-last\" style=\"--awb-bg-size:cover;\"><div class=\"fusion-column-wrapper fusion-flex-column-wrapper-legacy\"><div class=\"fusion-text fusion-text-1\"><h2 style=\"font-weight: 300; text-align: center;\"><span style=\"color: #ffffff;\">Responsabilidad y coordinaci\u00f3n<\/span><\/h2>\n<\/div><div class=\"fusion-clearfix\"><\/div><\/div><\/div><\/div><\/div><div class=\"fusion-fullwidth fullwidth-box fusion-builder-row-2 nonhundred-percent-fullwidth non-hundred-percent-height-scrolling\" style=\"--awb-background-position:left top;--awb-border-sizes-top:0px;--awb-border-sizes-bottom:0px;--awb-border-sizes-left:0px;--awb-border-sizes-right:0px;--awb-border-radius-top-left:0px;--awb-border-radius-top-right:0px;--awb-border-radius-bottom-right:0px;--awb-border-radius-bottom-left:0px;--awb-padding-top:0px;--awb-padding-bottom:20px;--awb-background-color:#ffffff;--awb-flex-wrap:wrap;\" ><div class=\"fusion-builder-row fusion-row\"><div class=\"fusion-layout-column fusion_builder_column fusion-builder-column-1 fusion_builder_column_1_1 1_1 fusion-one-full fusion-column-first fusion-column-last\" style=\"--awb-bg-size:cover;--awb-margin-top:-22px;\"><div class=\"fusion-column-wrapper fusion-flex-column-wrapper-legacy\"><div class=\"fusion-aligncenter\"><a class=\"fusion-button button-flat fusion-button-default-size button-custom fusion-button-default button-1 fusion-button-default-span fusion-button-default-type\" style=\"--button_accent_color:#ffffff;--button_accent_hover_color:#333333;--button_border_hover_color:#333333;--button_border_width-top:2px;--button_border_width-right:2px;--button_border_width-bottom:2px;--button_border_width-left:2px;--button_gradient_top_color:#333333;--button_gradient_bottom_color:#333333;--button_gradient_top_color_hover:#ffffff;--button_gradient_bottom_color_hover:#ffffff;\" target=\"_self\" href=\"https:\/\/www.gutachten-unger.de\/es\/contacto-consulta\/\"><span class=\"fusion-button-text awb-button__text awb-button__text--default\">Solicitar informaci\u00f3n<\/span><\/a><\/div><div class=\"fusion-clearfix\"><\/div><\/div><\/div><\/div><\/div><div class=\"fusion-fullwidth fullwidth-box fusion-builder-row-3 hundred-percent-fullwidth non-hundred-percent-height-scrolling fusion-equal-height-columns\" style=\"--awb-background-position:right center;--awb-border-sizes-top:0px;--awb-border-sizes-bottom:0px;--awb-border-sizes-left:0px;--awb-border-sizes-right:0px;--awb-border-radius-top-left:0px;--awb-border-radius-top-right:0px;--awb-border-radius-bottom-right:0px;--awb-border-radius-bottom-left:0px;--awb-padding-top:25px;--awb-padding-right:20px;--awb-padding-bottom:0px;--awb-padding-left:20px;--awb-flex-wrap:wrap;\" ><div class=\"fusion-builder-row fusion-row\"><div class=\"fusion-layout-column fusion_builder_column fusion-builder-column-2 fusion_builder_column_1_1 1_1 fusion-one-full fusion-column-first fusion-column-last\" style=\"--awb-padding-right:50px;--awb-bg-size:cover;\"><div class=\"fusion-column-wrapper fusion-flex-column-wrapper-legacy\"><div class=\"fusion-text fusion-text-2\"><h2 style=\"text-align: left;\">Informaci\u00f3n b\u00e1sica<\/h2>\n<\/div><div class=\"fusion-sep-clear\"><\/div><div class=\"fusion-separator fusion-clearfix\" style=\"float:left;margin-top:0px;margin-bottom:30px;width:100%;max-width:206px;\"><div class=\"fusion-separator-border sep-single sep-solid\" style=\"--awb-height:20px;--awb-amount:20px;--awb-sep-color:#870b13;border-color:#870b13;border-top-width:2px;\"><\/div><\/div><div class=\"fusion-sep-clear\"><\/div><div class=\"fusion-text fusion-text-3\"><h3>La direcci\u00f3n y supervisi\u00f3n de obras es una de las tareas m\u00e1s exigentes del sector de la construcci\u00f3n.<\/h3>\n<p>El jefe de obra es responsable de supervisar y controlar una obra, o incluso s\u00f3lo una zona concreta.<\/p>\n<p>El jefe de obra asume la responsabilidad de la correcta realizaci\u00f3n de los trabajos de construcci\u00f3n. El jefe de obra puede realizar su trabajo como jefe de obra para el cliente (comitente) y, por supuesto, tambi\u00e9n en nombre de la empresa constructora encargada (contratista).<\/p>\n<p>Una de las tareas m\u00e1s importantes del director de obra es supervisar la ejecuci\u00f3n del proyecto para que cumpla la licencia de obras, los planes de ejecuci\u00f3n y toda la normativa pertinente.<\/p>\n<p>Coordinar a las partes t\u00e9cnicas implicadas, llevar un diario de construcci\u00f3n y supervisar el calendario y el plan de costes es una de las actividades m\u00e1s importantes del director de obra. Por supuesto, la aceptaci\u00f3n de los trabajos de construcci\u00f3n, la detecci\u00f3n de defectos y la posterior aplicaci\u00f3n de la rectificaci\u00f3n de defectos, as\u00ed como la verificaci\u00f3n y aprobaci\u00f3n de facturas, tambi\u00e9n forman parte del abanico de tareas.<\/p>\n<p>La entrega del proyecto de construcci\u00f3n, incluida la recopilaci\u00f3n de los documentos necesarios para la entrega, la enumeraci\u00f3n de los periodos de garant\u00eda y las solicitudes de aceptaci\u00f3n y participaci\u00f3n oficiales, forman parte de las tareas de gesti\u00f3n y supervisi\u00f3n de la construcci\u00f3n.<\/p>\n<p>La direcci\u00f3n de obra por parte del contratista se encarga de coordinar y supervisar los trabajos de forma que se terminen a tiempo y se garantice la calidad acordada, teniendo en cuenta la eficiencia econ\u00f3mica. Tambi\u00e9n se incluye la comprobaci\u00f3n del cumplimiento de las normas de salud y seguridad en la obra y de todas las dem\u00e1s normativas oficiales.<\/p>\n<p>Es especialmente importante que el jefe de obra o el supervisor de obra piense en el futuro con la mayor frecuencia posible en lugar de pensar, preferiblemente actuando en lugar de reaccionando y trabajando <strong>de forma sostenible en lugar de a corto plazo<\/strong>. La consulta e instrucci\u00f3n por separado del propietario del edificio privado en todas las fases de construcci\u00f3n y ampliaci\u00f3n, con la correspondiente coordinaci\u00f3n de los comerciantes para un proceso de construcci\u00f3n sin problemas, puede ser vital.<\/p>\n<p>Una gesti\u00f3n de la construcci\u00f3n que funcione bien garantiza un proceso de construcci\u00f3n r\u00e1pido y bien planificado.<\/p>\n<p>Sin embargo, \u00a1tambi\u00e9n se tienen en cuenta las necesarias fases de reposo tecnol\u00f3gico!<\/p>\n<p>Por ejemplo, el propietario del edificio puede evitar cargos dobles, como pagos de alquiler paralelos y costes de financiaci\u00f3n innecesarios. Tanto si eres un constructor privado como un promotor inmobiliario comercial, estos costes imprevistos pueden hacer saltar por los aires tu presupuesto.<\/p>\n<h3>Por \u00faltimo, unas palabras desde la experiencia.<\/h3>\n<p>La resoluci\u00f3n de problemas y las necesarias discusiones t\u00e9cnicas que el jefe de obra mantiene con los contratistas en nombre del cliente garantizan que \u00e9ste pueda continuar con sus obligaciones y trabajo diarios.<\/p>\n<p>Por tanto, el jefe de obra act\u00faa como intermediario entre el cliente y los profesionales que realizan la obra. Se ocupa de los problemas y preguntas del cliente, los pone en conocimiento de las empresas que realizan el trabajo y los resuelve r\u00e1pidamente de forma profesionalmente competente y objetiva. Este procedimiento no es unidireccional y, por supuesto, tambi\u00e9n se aplica a las preocupaciones de los artistas.<\/p>\n<p>Por este motivo, un jefe de obra cualificado y experimentado siempre tendr\u00e1 en cuenta ambos intereses, porque una cosa es cierta: la falta de objetividad y profesionalidad son, ante todo, perjudiciales para un proceso de construcci\u00f3n ordenado y, por tanto, para todos los implicados en la construcci\u00f3n.<\/p>\n<p>Los costes de una gesti\u00f3n independiente y profesional de la construcci\u00f3n, con el correspondiente control de calidad, no son, ni de lejos, comparables a los costes derivados de una amplia rectificaci\u00f3n de defectos o de interminables aplazamientos.<\/p>\n<p>Utiliza el formulario de contacto para realizar una consulta sin compromiso sobre tu proyecto de construcci\u00f3n.<\/p>\n<\/div><div class=\"fusion-clearfix\"><\/div><\/div><\/div><\/div><\/div><\/p>\n","protected":false},"excerpt":{"rendered":"","protected":false},"author":1,"featured_media":0,"parent":0,"menu_order":0,"comment_status":"closed","ping_status":"closed","template":"100-width.php","meta":{"footnotes":""},"yst_prominent_words":[91,96,84,82,85,88,83,80,81,93,92,95,86,94,87,79,77,90,89,78],"class_list":["post-2077","page","type-page","status-publish","hentry"],"_links":{"self":[{"href":"https:\/\/www.gutachten-unger.de\/es\/wp-json\/wp\/v2\/pages\/2077","targetHints":{"allow":["GET"]}}],"collection":[{"href":"https:\/\/www.gutachten-unger.de\/es\/wp-json\/wp\/v2\/pages"}],"about":[{"href":"https:\/\/www.gutachten-unger.de\/es\/wp-json\/wp\/v2\/types\/page"}],"author":[{"embeddable":true,"href":"https:\/\/www.gutachten-unger.de\/es\/wp-json\/wp\/v2\/users\/1"}],"replies":[{"embeddable":true,"href":"https:\/\/www.gutachten-unger.de\/es\/wp-json\/wp\/v2\/comments?post=2077"}],"version-history":[{"count":8,"href":"https:\/\/www.gutachten-unger.de\/es\/wp-json\/wp\/v2\/pages\/2077\/revisions"}],"predecessor-version":[{"id":2101,"href":"https:\/\/www.gutachten-unger.de\/es\/wp-json\/wp\/v2\/pages\/2077\/revisions\/2101"}],"wp:attachment":[{"href":"https:\/\/www.gutachten-unger.de\/es\/wp-json\/wp\/v2\/media?parent=2077"}],"wp:term":[{"taxonomy":"yst_prominent_words","embeddable":true,"href":"https:\/\/www.gutachten-unger.de\/es\/wp-json\/wp\/v2\/yst_prominent_words?post=2077"}],"curies":[{"name":"wp","href":"https:\/\/api.w.org\/{rel}","templated":true}]}}