{"id":2112,"date":"2018-08-09T12:12:32","date_gmt":"2018-08-09T10:12:32","guid":{"rendered":"https:\/\/www.gutachten-unger.de\/pie-de-imprenta\/"},"modified":"2025-08-07T08:29:48","modified_gmt":"2025-08-07T06:29:48","slug":"pie-de-imprenta","status":"publish","type":"page","link":"https:\/\/www.gutachten-unger.de\/es\/pie-de-imprenta\/","title":{"rendered":"Pie de imprenta"},"content":{"rendered":"<div class=\"fusion-fullwidth fullwidth-box fusion-builder-row-1 hundred-percent-fullwidth non-hundred-percent-height-scrolling fusion-equal-height-columns\" style=\"--awb-background-position:right center;--awb-border-sizes-top:0px;--awb-border-sizes-bottom:0px;--awb-border-sizes-left:0px;--awb-border-sizes-right:0px;--awb-border-radius-top-left:0px;--awb-border-radius-top-right:0px;--awb-border-radius-bottom-right:0px;--awb-border-radius-bottom-left:0px;--awb-padding-top:0px;--awb-padding-right:0px;--awb-padding-bottom:0px;--awb-padding-left:0px;--awb-flex-wrap:wrap;\" ><div class=\"fusion-builder-row fusion-row\"><div class=\"fusion-layout-column fusion_builder_column fusion-builder-column-0 fusion_builder_column_1_1 1_1 fusion-one-full fusion-column-first fusion-column-last fusion-column-no-min-height\" style=\"--awb-padding-right:15px;--awb-padding-left:15px;--awb-bg-size:cover;\"><div class=\"fusion-column-wrapper fusion-flex-column-wrapper-legacy\"><div class=\"fusion-text fusion-text-1\"><h2 style=\"text-align: left;\">Pie de imprenta<\/h2>\n<\/div><div class=\"fusion-sep-clear\"><\/div><div class=\"fusion-separator fusion-clearfix\" style=\"float:left;margin-top:0px;margin-bottom:30px;width:100%;max-width:206px;\"><div class=\"fusion-separator-border sep-single sep-solid\" style=\"--awb-height:20px;--awb-amount:20px;--awb-sep-color:#870b13;border-color:#870b13;border-top-width:2px;\"><\/div><\/div><div class=\"fusion-sep-clear\"><\/div><div class=\"fusion-text fusion-text-2\"><p><strong>Oficina de peritaje Andr\u00e9 Unger<br \/><\/strong>\u00c4hrenfeld 54 <br \/>D-08606 Oelsnitz<\/p>\n<p>Tel\u00e9fono: +49 171 73 50 655<\/p>\n<p>Correo electr\u00f3nico: info@gutachten-unger.de Internet: www.gutachten-unger.de<\/p>\n<p>Agencia Tributaria de Plauen N\u00famero de identificaci\u00f3n fiscal: 223\/283\/00803<\/p>\n<p>Responsable en el sentido de la Ley de Teleservicios: Andr\u00e9 Unger<\/p>\n<p>Fuentes de las im\u00e1genes y gr\u00e1ficos utilizados:<\/p>\n<p>Propio &amp; http:\/\/de.fotolia.com\/<\/p>\n<p>iStockphoto:<\/p>\n<p>Foto de archivo ID:515604930 | Ridofranz<\/p>\n<p>Foto de archivo ID:680188060 | Kwanchai_Khammuean<\/p>\n<p>Foto de archivo ID:636333604 | Jannoon028<\/p>\n<p>Derechos de autor<\/p>\n<p>El operador de este sitio web se esfuerza por respetar en todo momento los derechos de autor de terceros o por utilizar obras de creaci\u00f3n propia o libres de licencia. <br \/>El contenido y las obras creadas por el operador del sitio en estas p\u00e1ginas est\u00e1n sujetos a la legislaci\u00f3n alemana sobre derechos de autor. las contribuciones de terceros est\u00e1n etiquetadas como tales. La reproducci\u00f3n, edici\u00f3n, distribuci\u00f3n y cualquier tipo de utilizaci\u00f3n fuera de los l\u00edmites de la ley de derechos de autor requieren el consentimiento por escrito del autor o creador respectivo. Las descargas y copias de este sitio s\u00f3lo est\u00e1n permitidas para uso privado, no para uso comercial.<\/p>\n<p>Protecci\u00f3n de datos<\/p>\n<\/div><div class=\"fusion-clearfix\"><\/div><\/div><\/div><\/div><\/div>\n","protected":false},"excerpt":{"rendered":"","protected":false},"author":1,"featured_media":0,"parent":0,"menu_order":0,"comment_status":"closed","ping_status":"closed","template":"100-width.php","meta":{"footnotes":""},"yst_prominent_words":[],"class_list":["post-2112","page","type-page","status-publish","hentry"],"_links":{"self":[{"href":"https:\/\/www.gutachten-unger.de\/es\/wp-json\/wp\/v2\/pages\/2112","targetHints":{"allow":["GET"]}}],"collection":[{"href":"https:\/\/www.gutachten-unger.de\/es\/wp-json\/wp\/v2\/pages"}],"about":[{"href":"https:\/\/www.gutachten-unger.de\/es\/wp-json\/wp\/v2\/types\/page"}],"author":[{"embeddable":true,"href":"https:\/\/www.gutachten-unger.de\/es\/wp-json\/wp\/v2\/users\/1"}],"replies":[{"embeddable":true,"href":"https:\/\/www.gutachten-unger.de\/es\/wp-json\/wp\/v2\/comments?post=2112"}],"version-history":[{"count":6,"href":"https:\/\/www.gutachten-unger.de\/es\/wp-json\/wp\/v2\/pages\/2112\/revisions"}],"predecessor-version":[{"id":2182,"href":"https:\/\/www.gutachten-unger.de\/es\/wp-json\/wp\/v2\/pages\/2112\/revisions\/2182"}],"wp:attachment":[{"href":"https:\/\/www.gutachten-unger.de\/es\/wp-json\/wp\/v2\/media?parent=2112"}],"wp:term":[{"taxonomy":"yst_prominent_words","embeddable":true,"href":"https:\/\/www.gutachten-unger.de\/es\/wp-json\/wp\/v2\/yst_prominent_words?post=2112"}],"curies":[{"name":"wp","href":"https:\/\/api.w.org\/{rel}","templated":true}]}}