{"id":2115,"date":"2018-08-09T12:18:06","date_gmt":"2018-08-09T10:18:06","guid":{"rendered":"https:\/\/www.gutachten-unger.de\/proteccion-de-datos\/"},"modified":"2025-08-07T08:30:43","modified_gmt":"2025-08-07T06:30:43","slug":"proteccion-de-datos","status":"publish","type":"page","link":"https:\/\/www.gutachten-unger.de\/es\/proteccion-de-datos\/","title":{"rendered":"Protecci\u00f3n de datos"},"content":{"rendered":"<div class=\"fusion-fullwidth fullwidth-box fusion-builder-row-1 hundred-percent-fullwidth non-hundred-percent-height-scrolling fusion-equal-height-columns\" style=\"--awb-background-position:right center;--awb-border-sizes-top:0px;--awb-border-sizes-bottom:0px;--awb-border-sizes-left:0px;--awb-border-sizes-right:0px;--awb-border-radius-top-left:0px;--awb-border-radius-top-right:0px;--awb-border-radius-bottom-right:0px;--awb-border-radius-bottom-left:0px;--awb-padding-top:0px;--awb-padding-right:0px;--awb-padding-bottom:0px;--awb-padding-left:0px;--awb-flex-wrap:wrap;\" ><div class=\"fusion-builder-row fusion-row\"><div class=\"fusion-layout-column fusion_builder_column fusion-builder-column-0 fusion_builder_column_1_1 1_1 fusion-one-full fusion-column-first fusion-column-last fusion-column-no-min-height\" style=\"--awb-padding-right:15px;--awb-padding-left:15px;--awb-bg-size:cover;\"><div class=\"fusion-column-wrapper fusion-flex-column-wrapper-legacy\"><div class=\"fusion-text fusion-text-1\"><h2 style=\"text-align: left;\">Protecci\u00f3n de datos<\/h2>\n<\/div><div class=\"fusion-sep-clear\"><\/div><div class=\"fusion-separator fusion-clearfix\" style=\"float:left;margin-top:0px;margin-bottom:30px;width:100%;max-width:206px;\"><div class=\"fusion-separator-border sep-single sep-solid\" style=\"--awb-height:20px;--awb-amount:20px;--awb-sep-color:#870b13;border-color:#870b13;border-top-width:2px;\"><\/div><\/div><div class=\"fusion-sep-clear\"><\/div><div class=\"fusion-text fusion-text-2\"><h2>Pol\u00edtica de privacidad<\/h2>\n<p>El responsable del tratamiento en el sentido de las leyes de protecci\u00f3n de datos, en particular el Reglamento General de Protecci\u00f3n de Datos de la UE (RGPD), es<\/p>\n<p>Oficina de expertos<br \/>\nAndr\u00e9 Unger<br \/>\nCampo de orejas 54<br \/>\nD-08606 Oelsnitz<br \/>\nTel\u00e9fono: +49(0)37421-724345<br \/>\nFax: +49(0)37421-724346<br \/>\nCorreo electr\u00f3nico: info@gutachten-unger.de<\/p>\n<h2>Tus derechos como interesado<\/h2>\n<p>Puedes ejercer los siguientes derechos en cualquier momento utilizando los datos de contacto de nuestro responsable de protecci\u00f3n de datos:<\/p>\n<ul>\n<li>Informaci\u00f3n sobre tus datos almacenados por nosotros y su procesamiento (Art. 15 GDPR),<\/li>\n<li>Correcci\u00f3n de datos personales incorrectos (Art. 16 GDPR),<\/li>\n<li>Eliminaci\u00f3n de tus datos almacenados por nosotros (Art. 17 GDPR),<\/li>\n<li>Restricci\u00f3n del procesamiento de datos si todav\u00eda no se nos permite eliminar tus datos debido a obligaciones legales (Art. 18 GDPR),<\/li>\n<li>Objeci\u00f3n al tratamiento de tus datos por nuestra parte (Art. 21 GDPR) y<\/li>\n<li>Portabilidad de los datos, siempre que hayas dado tu consentimiento al tratamiento de los datos o hayas celebrado un contrato con nosotros (Art. 20 GDPR).<\/li>\n<\/ul>\n<p>Si nos has dado tu consentimiento, puedes revocarlo en cualquier momento con efectos para el futuro.<\/p>\n<p>Puedes presentar una reclamaci\u00f3n ante una autoridad supervisora en cualquier momento, por ejemplo, ante la autoridad supervisora competente en el estado federal de tu lugar de residencia o ante la autoridad responsable de nosotros como responsable del tratamiento.<\/p>\n<p>Puedes encontrar una lista de autoridades supervisoras (para el sector no p\u00fablico) con sus direcciones en: <a href=\"https:\/\/www.bfdi.bund.de\/DE\/Infothek\/Anschriften_Links\/anschriften_links-node.html\" target=\"_blank\" rel=\"nofollow noopener\">https:\/\/www.bfdi.bund.de\/DE\/Infothek\/Anschriften_Links\/anschriften_links-node.html<\/a>.<\/p>\n<h2>Recogida de informaci\u00f3n general al visitar nuestro sitio web<\/h2>\n<h3>Naturaleza y finalidad del tratamiento:<\/h3>\n<p>Cuando accedes a nuestro sitio web, es decir, si no te registras ni transmites informaci\u00f3n de otro modo, se recopila autom\u00e1ticamente informaci\u00f3n de car\u00e1cter general. Esta informaci\u00f3n (archivos de registro del servidor) incluye, por ejemplo, el tipo de navegador web, el sistema operativo utilizado, el nombre de dominio de tu proveedor de servicios de Internet, tu direcci\u00f3n IP y similares. Se trata exclusivamente de informaci\u00f3n que no permite sacar conclusiones sobre tu persona.<\/p>\n<p>Se procesan, en particular, para los siguientes fines:<\/p>\n<ul>\n<li>Garantizar una conexi\u00f3n fluida con el sitio web,<\/li>\n<li>Garantizar el buen uso de nuestro sitio web,<\/li>\n<li>Evaluaci\u00f3n de la seguridad y estabilidad del sistema y<\/li>\n<li>para otros fines administrativos.<\/li>\n<\/ul>\n<p>No utilizamos tus datos para sacar conclusiones sobre tu persona. Podemos procesar este tipo de informaci\u00f3n. evaluados estad\u00edsticamente para optimizar nuestro sitio web y la tecnolog\u00eda que lo sustenta.<\/p>\n<h3>Base jur\u00eddica:<\/h3>\n<p>El tratamiento se lleva a cabo de conformidad con el Art. 6 p\u00e1rr. 1 lit. f GDPR sobre la base de nuestro inter\u00e9s leg\u00edtimo en mejorar la estabilidad y funcionalidad de nuestro sitio web.<\/p>\n<h3>Beneficiario:<\/h3>\n<p>Los destinatarios de los datos pueden ser proveedores de servicios t\u00e9cnicos que act\u00faan como procesadores para el funcionamiento y mantenimiento de nuestro sitio web.<\/p>\n<h3>Duraci\u00f3n del almacenamiento:<\/h3>\n<p>Los datos se eliminar\u00e1n en cuanto dejen de ser necesarios para el fin para el que se recogieron. Este es generalmente el caso de los datos utilizados para proporcionar el sitio web cuando la sesi\u00f3n respectiva ha finalizado.<\/p>\n<h3>Disposici\u00f3n prescrita o exigida:<\/h3>\n<p>El suministro de los datos personales mencionados no es legal ni contractualmente obligatorio. Sin embargo, sin la direcci\u00f3n IP no se puede garantizar el servicio y la funcionalidad de nuestro sitio web. Adem\u00e1s, algunos servicios pueden no estar disponibles o estar restringidos. Por este motivo, se excluye una objeci\u00f3n.<\/p>\n<h2>Cookies<\/h2>\n<h3>Naturaleza y finalidad del tratamiento:<\/h3>\n<p>Como muchos otros sitios web, tambi\u00e9n utilizamos las llamadas \u00abcookies\u00bb. Las cookies son peque\u00f1os archivos de texto que se transfieren desde el servidor de un sitio web a tu disco duro. Esto nos proporciona autom\u00e1ticamente ciertos datos como la direcci\u00f3n IP, el navegador utilizado, el sistema operativo y tu conexi\u00f3n a Internet.<\/p>\n<p>Las cookies no pueden utilizarse para iniciar programas o transferir virus a un ordenador. Utilizando la informaci\u00f3n contenida en las cookies, podemos facilitarte la navegaci\u00f3n y permitir la correcta visualizaci\u00f3n de nuestras p\u00e1ginas web.<\/p>\n<p>En ning\u00fan caso los datos recogidos por nosotros se transmitir\u00e1n a terceros ni se vincular\u00e1n a datos personales sin tu consentimiento.<\/p>\n<p>Por supuesto, tambi\u00e9n puedes ver nuestro sitio web sin cookies. Los navegadores de Internet suelen estar configurados para aceptar cookies. En general, puedes desactivar el uso de cookies en cualquier momento a trav\u00e9s de la configuraci\u00f3n de tu navegador. Utiliza las funciones de ayuda de tu navegador de Internet para averiguar c\u00f3mo cambiar estos ajustes. Ten en cuenta que algunas funciones de nuestro sitio web pueden no funcionar si has desactivado el uso de cookies.<\/p>\n<h3>Duraci\u00f3n del almacenamiento y cookies utilizadas:<\/h3>\n<p>Si nos permites utilizar cookies a trav\u00e9s de la configuraci\u00f3n o el consentimiento de tu navegador, en nuestros sitios web se pueden utilizar las siguientes cookies:<\/p>\n<p>En la medida en que estas cookies puedan (tambi\u00e9n) afectar a datos personales, te informaremos de ello en las secciones siguientes.<\/p>\n<p>Puedes eliminar cookies individuales o todo el inventario de cookies a trav\u00e9s de la configuraci\u00f3n de tu navegador. Tambi\u00e9n recibir\u00e1s informaci\u00f3n e instrucciones sobre c\u00f3mo eliminar estas cookies o bloquear su almacenamiento con antelaci\u00f3n. Dependiendo del proveedor de tu navegador, encontrar\u00e1s la informaci\u00f3n necesaria en los siguientes enlaces:<\/p>\n<ul>\n<li>Mozilla Firefox: <a href=\"https:\/\/support.mozilla.org\/de\/kb\/cookies-loeschen-daten-von-websites-entfernen\" target=\"_blank\" rel=\"nofollow noopener\">https:\/\/support.mozilla.org\/de\/kb\/cookies-loeschen-daten-von-websites-entfernen<\/a><\/li>\n<li>Internet Explorer: <a href=\"https:\/\/support.microsoft.com\/de-de\/help\/17442\/windows-internet-explorer-delete-manage-cookies\" target=\"_blank\" rel=\"nofollow noopener\">https:\/\/support.microsoft.com\/de-de\/help\/17442\/windows-internet-explorer-delete-manage-cookies<\/a><\/li>\n<li>Google Chrome: <a href=\"https:\/\/support.google.com\/accounts\/answer\/61416?hl=de\" target=\"_blank\" rel=\"nofollow noopener\">https:\/\/support.google.com\/accounts\/answer\/61416?hl=de<\/a><\/li>\n<li>\u00d3pera: <a href=\"http:\/\/www.opera.com\/de\/help\" target=\"_blank\" rel=\"nofollow noopener\">http:\/\/www.opera.com\/de\/help<\/a><\/li>\n<li>Safari: <a href=\"https:\/\/support.apple.com\/kb\/PH17191?locale=de_DE&amp;viewlocale=de_DE\" target=\"_blank\" rel=\"nofollow noopener\">https:\/\/support.apple.com\/kb\/PH17191?locale=de_DE&amp;viewlocale=de_DE<\/a><\/li>\n<\/ul>\n<h2>Bolet\u00edn<\/h2>\n<h3>Naturaleza y finalidad del tratamiento:<\/h3>\n<p>Tus datos s\u00f3lo se utilizar\u00e1n para enviarte por correo electr\u00f3nico el bolet\u00edn suscrito. Tu nombre se indica para poder dirigirnos a ti personalmente en el bolet\u00edn y, en su caso, para identificarte si deseas ejercer tus derechos como interesado.<\/p>\n<p>Para recibir el bolet\u00edn, basta con que introduzcas tu direcci\u00f3n de correo electr\u00f3nico. Cuando te registres para recibir nuestro bolet\u00edn, los datos que nos proporciones se utilizar\u00e1n exclusivamente para este fin. Los suscriptores tambi\u00e9n pueden ser informados por correo electr\u00f3nico sobre circunstancias relevantes para el servicio o el registro (por ejemplo, cambios en la oferta del bolet\u00edn o circunstancias t\u00e9cnicas).<\/p>\n<p>Para un registro efectivo necesitamos una direcci\u00f3n de correo electr\u00f3nico v\u00e1lida. Utilizamos el procedimiento de \u00abdoble opt-in\u00bb para comprobar que una inscripci\u00f3n la realiza realmente el titular de una direcci\u00f3n de correo electr\u00f3nico. Para ello, registramos el pedido del bolet\u00edn, el env\u00edo de un correo electr\u00f3nico de confirmaci\u00f3n y la recepci\u00f3n de la respuesta solicitada. No se recogen m\u00e1s datos. Los datos se utilizar\u00e1n exclusivamente para enviar el bolet\u00edn y no se transmitir\u00e1n a terceros.<\/p>\n<h3>Base jur\u00eddica:<\/h3>\n<p>Sobre la base de tu consentimiento expreso (Art. 6 p\u00e1rr. 1 lit. a GDPR), te enviaremos peri\u00f3dicamente nuestro bolet\u00edn informativo o informaci\u00f3n comparable por correo electr\u00f3nico a la direcci\u00f3n de correo electr\u00f3nico que nos hayas facilitado.<\/p>\n<p>Puedes revocar tu consentimiento para el almacenamiento de tus datos personales y su uso para el env\u00edo del bolet\u00edn informativo en cualquier momento con efecto para el futuro. Hay un enlace correspondiente en cada bolet\u00edn. Tambi\u00e9n puedes darte de baja directamente en este sitio web en cualquier momento o informarnos de tu cancelaci\u00f3n mediante la opci\u00f3n de contacto que figura al final de este aviso de protecci\u00f3n de datos.<\/p>\n<h3>Beneficiario:<\/h3>\n<p>Los destinatarios de los datos pueden ser encargados del tratamiento.<\/p>\n<h3>Duraci\u00f3n del almacenamiento:<\/h3>\n<p>Los datos s\u00f3lo se tratar\u00e1n en este contexto mientras se haya dado el correspondiente consentimiento. Despu\u00e9s se borran.<\/p>\n<h3>Disposici\u00f3n prescrita o exigida:<\/h3>\n<p>El suministro de tus datos personales es voluntario, \u00fanicamente sobre la base de tu consentimiento. Lamentablemente, no podemos enviarte nuestro bolet\u00edn sin tu consentimiento.<\/p>\n<h2>Formulario de contacto<\/h2>\n<h3>Naturaleza y finalidad del tratamiento:<\/h3>\n<p>Los datos que introduzcas se almacenar\u00e1n con el fin de mantener una comunicaci\u00f3n personalizada contigo. Para ello, se requiere una direcci\u00f3n de correo electr\u00f3nico v\u00e1lida y tu nombre. Se utiliza para asignar la consulta y responderla posteriormente. La especificaci\u00f3n de otros datos es opcional.<\/p>\n<h3>Base jur\u00eddica:<\/h3>\n<p>Los datos introducidos en el formulario de contacto se procesan sobre la base de un inter\u00e9s leg\u00edtimo (Art. 6 p\u00e1rr. 1 lit. f GDPR).<\/p>\n<p>Al proporcionar el formulario de contacto, queremos facilitarte el contacto con nosotros. La informaci\u00f3n que proporciones se almacenar\u00e1 con el fin de procesar tu consulta y para posibles preguntas de seguimiento.<\/p>\n<p>Si te pones en contacto con nosotros para solicitar un presupuesto, los datos introducidos en el formulario de contacto se procesar\u00e1n para llevar a cabo medidas precontractuales (Art. 6 p\u00e1rr. 1 lit. b GDPR).<\/p>\n<h3>Beneficiario:<\/h3>\n<p>Los destinatarios de los datos pueden ser encargados del tratamiento.<\/p>\n<h3>Duraci\u00f3n del almacenamiento:<\/h3>\n<p>Los datos se eliminar\u00e1n a m\u00e1s tardar 6 meses despu\u00e9s de que se haya procesado la consulta.<\/p>\n<p>Si existe una relaci\u00f3n contractual, estamos sujetos a los periodos de conservaci\u00f3n legales seg\u00fan el C\u00f3digo de Comercio alem\u00e1n (HGB) y eliminamos tus datos una vez transcurridos dichos periodos.<\/p>\n<h3>Disposici\u00f3n prescrita o exigida:<\/h3>\n<p>El suministro de tus datos personales es voluntario. Sin embargo, s\u00f3lo podemos procesar tu consulta si nos facilitas tu nombre, direcci\u00f3n de correo electr\u00f3nico y el motivo de la consulta.<\/p>\n<h2>Uso de Google Analytics<\/h2>\n<h3>Naturaleza y finalidad del tratamiento:<\/h3>\n<p>Este sitio web utiliza Google Analytics, un servicio anal\u00edtico de web prestado por Google LLC, 1600 Amphitheatre Parkway, Mountain View, CA 94043 EE.UU. (en adelante, \u00abGoogle\u00bb). Google Analytics utiliza \u00abcookies\u00bb, que son archivos de texto ubicados en tu ordenador, para ayudar al sitio web a analizar c\u00f3mo lo utilizan los usuarios. La informaci\u00f3n que genera la cookie acerca de tu uso de este sitio web se suele transferir a un servidor de Google en EE.UU. y se almacena all\u00ed. Sin embargo, debido a la activaci\u00f3n de la anonimizaci\u00f3n de IP en estos sitios web, tu direcci\u00f3n IP ser\u00e1 acortada por Google dentro de los estados miembros de la Uni\u00f3n Europea o en otros estados contratantes del Acuerdo sobre el Espacio Econ\u00f3mico Europeo. S\u00f3lo en casos excepcionales se transmitir\u00e1 la direcci\u00f3n IP completa a un servidor de Google en EE.UU. y se truncar\u00e1 all\u00ed. En nombre del operador de este sitio web, Google usar\u00e1 esta informaci\u00f3n para analizar tu uso del sitio web, recopilar informes sobre la actividad del sitio web y prestar al operador del sitio web otros servicios relacionados con la actividad del sitio web y el uso de Internet. La direcci\u00f3n IP transmitida por tu navegador como parte de Google Analytics no se fusionar\u00e1 con otros datos de Google.<\/p>\n<p>Los fines del tratamiento de datos son analizar el uso del sitio web y elaborar informes sobre las actividades en el sitio web. En funci\u00f3n del uso del sitio web y de Internet, se prestar\u00e1n otros servicios asociados.<\/p>\n<h3>Base jur\u00eddica:<\/h3>\n<p>Los datos se procesan sobre la base del consentimiento del usuario (Art. 6 p\u00e1rr. 1 lit. a GDPR).<\/p>\n<h3>Beneficiario:<\/h3>\n<p>El destinatario de los datos es Google como encargado del tratamiento. Para ello, hemos suscrito el correspondiente acuerdo de tratamiento de datos con Google.<\/p>\n<h3>Duraci\u00f3n del almacenamiento:<\/h3>\n<p>Los datos se eliminar\u00e1n en cuanto dejen de ser necesarios para nuestros fines de registro.<\/p>\n<h3>Transferencia a un tercer pa\u00eds:<\/h3>\n<p>Google procesa tus datos en EE.UU. y se ha sometido al Escudo de Privacidad UE-EE.UU. <a href=\"https:\/\/www.privacyshield.gov\/EU-US-Framework\">https:\/\/www.privacyshield.gov\/EU-US-Framework.<\/a> Tambi\u00e9n hemos suscrito cl\u00e1usulas tipo de protecci\u00f3n de datos con Google para el uso de Google Analytics.<\/p>\n<h3>Disposici\u00f3n prescrita o exigida:<\/h3>\n<p>El suministro de tus datos personales es voluntario, \u00fanicamente sobre la base de tu consentimiento. Si impides el acceso, esto puede provocar restricciones funcionales en el sitio web.<\/p>\n<h3>Revocaci\u00f3n del consentimiento:<\/h3>\n<p>Puedes rechazar el uso de cookies seleccionando la configuraci\u00f3n adecuada en tu navegador, pero ten en cuenta que si lo haces es posible que no puedas utilizar todas las funciones de este sitio web. Tambi\u00e9n puedes impedir que Google recopile los datos generados por la cookie y relacionados con tu uso del sitio web (incluida tu direcci\u00f3n IP) y que Google procese estos datos descargando e instalando el complemento del navegador disponible en el siguiente enlace:  <a href=\"http:\/\/tools.google.com\/dlpage\/gaoptout?hl=de\">Complemento del navegador para desactivar Google Analytics<\/a>.<\/p>\n<p>Adem\u00e1s o como alternativa al complemento del navegador, puedes evitar el seguimiento por parte de Google Analytics en nuestras p\u00e1ginas <a title=\"Establecer la cookie de inhabilitaci\u00f3n de Google Analytics\" href=\"#\">haciendo clic en este enlace<\/a>. Se instalar\u00e1 una cookie de inhabilitaci\u00f3n en tu dispositivo. Esto impedir\u00e1 que Google Analytics recopile datos para este sitio web y para este navegador en el futuro mientras la cookie permanezca instalada en tu navegador.<\/p>\n<h3>Perfilado:<\/h3>\n<p>Con la ayuda de la herramienta de seguimiento Google Analytics, se puede evaluar el comportamiento de los visitantes del sitio web y analizar sus intereses. Para ello creamos un perfil de usuario seudonimizado.<\/p>\n<h2>Uso de Google Maps<\/h2>\n<h3>Naturaleza y finalidad del tratamiento:<\/h3>\n<p>En este sitio web utilizamos Google Maps. Google Maps es operado por Google LLC, 1600 Amphitheatre Parkway, Mountain View, CA 94043, EE.UU. (en adelante, \u00abGoogle\u00bb). Esto nos permite mostrar mapas interactivos directamente en el sitio web y te permite utilizar la funci\u00f3n de mapa c\u00f3modamente.<\/p>\n<p>Puedes encontrar m\u00e1s informaci\u00f3n sobre el tratamiento de datos por parte de Google <a href=\"http:\/\/www.google.com\/privacypolicy.html\">en la pol\u00edtica de privacidad de Google<\/a>. Tambi\u00e9n puedes cambiar tus ajustes de protecci\u00f3n de datos personales all\u00ed, en el centro de protecci\u00f3n de datos.<\/p>\n<p>Puedes encontrar instrucciones detalladas sobre la gesti\u00f3n de tus propios datos en relaci\u00f3n con los productos de Google<a href=\"http:\/\/www.dataliberation.org\/\"> aqu\u00ed<\/a>.<\/p>\n<h3>Base jur\u00eddica:<\/h3>\n<p>La base legal para la integraci\u00f3n de Google Maps y la transferencia de datos asociada a Google es tu consentimiento (Art. 6 p\u00e1rr. 1 lit. a GDPR).<\/p>\n<h3>Beneficiario:<\/h3>\n<p>Al visitar el sitio web, Google recibe informaci\u00f3n de que has accedido a la subp\u00e1gina correspondiente de nuestro sitio web. Esto tiene lugar independientemente de si Google proporciona una cuenta de usuario a trav\u00e9s de la cual te conectas o de si no existe ninguna cuenta de usuario. Si has iniciado sesi\u00f3n en Google, tus datos se asignar\u00e1n directamente a tu cuenta.<\/p>\n<p>Si no quieres que la asignaci\u00f3n aparezca en tu perfil de Google, debes desconectarte de Google antes de activar el bot\u00f3n. Google almacena tus datos como perfiles de usuario y los utiliza con fines publicitarios, de investigaci\u00f3n de mercado y\/o de personalizaci\u00f3n de su sitio web. Este an\u00e1lisis se lleva a cabo en particular (incluso para los usuarios que no han iniciado sesi\u00f3n) para proporcionar publicidad personalizada e informar a otros usuarios de la red social sobre tus actividades en nuestro sitio web. Tienes derecho a oponerte a la creaci\u00f3n de estos perfiles de usuario, por lo que debes ponerte en contacto con Google para ejercer este derecho.<\/p>\n<h3>Duraci\u00f3n del almacenamiento:<\/h3>\n<p>No recogemos ning\u00fan dato personal a trav\u00e9s de la integraci\u00f3n de Google Maps.<\/p>\n<h3>Transferencia a un tercer pa\u00eds:<\/h3>\n<p>Google procesa tus datos en EE.UU. y se ha sometido al Escudo de Privacidad UE-EE.UU. <a href=\"https:\/\/www.privacyshield.gov\/EU-US-Framework\">https:\/\/www.privacyshield.gov\/EU-US-Framework.<\/a><\/p>\n<h3>Revocaci\u00f3n del consentimiento:<\/h3>\n<p>Si no quieres que Google recopile, procese o utilice datos sobre ti a trav\u00e9s de nuestro sitio web, puedes desactivar JavaScript en la configuraci\u00f3n de tu navegador. En este caso, sin embargo, no podr\u00e1s utilizar nuestro sitio web, o s\u00f3lo de forma limitada.<\/p>\n<h3>Disposici\u00f3n prescrita o exigida:<\/h3>\n<p>El suministro de tus datos personales es voluntario, \u00fanicamente sobre la base de tu consentimiento. Si impides el acceso, esto puede provocar restricciones funcionales en el sitio web.<\/p>\n<h2>Encriptaci\u00f3n SSL<\/h2>\n<p>Para proteger la seguridad de tus datos durante la transmisi\u00f3n, utilizamos m\u00e9todos de encriptaci\u00f3n de \u00faltima generaci\u00f3n (por ejemplo, SSL) a trav\u00e9s de HTTPS.<\/p>\n<h2>Cambios en nuestra pol\u00edtica de privacidad<\/h2>\n<p>Nos reservamos el derecho a adaptar esta pol\u00edtica de privacidad para que cumpla siempre con los requisitos legales vigentes o a implementar cambios en nuestros servicios en la pol\u00edtica de privacidad, por ejemplo, al introducir nuevos servicios. La nueva pol\u00edtica de privacidad se aplicar\u00e1 a tu pr\u00f3xima visita.<\/p>\n<h2>Preguntas para el responsable de la protecci\u00f3n de datos<\/h2>\n<p>Si tienes alguna pregunta sobre la protecci\u00f3n de datos, env\u00edanos un correo electr\u00f3nico o ponte en contacto directamente con la persona responsable de la protecci\u00f3n de datos en nuestra organizaci\u00f3n:<\/p>\n<p>Oficina de expertos<br \/>\nAndr\u00e9 Unger<br \/>\nCampo de orejas 54<br \/>\nD-08606 Oelsnitz<br \/>\nTel\u00e9fono: +49(0)37421-724345<br \/>\nFax: +49(0)37421-724346<br \/>\nCorreo electr\u00f3nico: info@gutachten-unger.de<\/p>\n<p><em>La pol\u00edtica de privacidad fue creada con el <\/em><em><a href=\"https:\/\/www.activemind.de\/datenschutz\/datenschutzhinweis-generator\/\" target=\"_blank\" rel=\"noopener\">Generador de Pol\u00edtica de Privacidad de activeMind AG<\/a> (Versi\u00f3n 2018-06-22).<\/em><\/p>\n<\/div><div class=\"fusion-clearfix\"><\/div><\/div><\/div><\/div><\/div>\n","protected":false},"excerpt":{"rendered":"","protected":false},"author":1,"featured_media":0,"parent":0,"menu_order":0,"comment_status":"closed","ping_status":"closed","template":"100-width.php","meta":{"footnotes":""},"yst_prominent_words":[],"class_list":["post-2115","page","type-page","status-publish","hentry"],"_links":{"self":[{"href":"https:\/\/www.gutachten-unger.de\/es\/wp-json\/wp\/v2\/pages\/2115","targetHints":{"allow":["GET"]}}],"collection":[{"href":"https:\/\/www.gutachten-unger.de\/es\/wp-json\/wp\/v2\/pages"}],"about":[{"href":"https:\/\/www.gutachten-unger.de\/es\/wp-json\/wp\/v2\/types\/page"}],"author":[{"embeddable":true,"href":"https:\/\/www.gutachten-unger.de\/es\/wp-json\/wp\/v2\/users\/1"}],"replies":[{"embeddable":true,"href":"https:\/\/www.gutachten-unger.de\/es\/wp-json\/wp\/v2\/comments?post=2115"}],"version-history":[{"count":6,"href":"https:\/\/www.gutachten-unger.de\/es\/wp-json\/wp\/v2\/pages\/2115\/revisions"}],"predecessor-version":[{"id":2185,"href":"https:\/\/www.gutachten-unger.de\/es\/wp-json\/wp\/v2\/pages\/2115\/revisions\/2185"}],"wp:attachment":[{"href":"https:\/\/www.gutachten-unger.de\/es\/wp-json\/wp\/v2\/media?parent=2115"}],"wp:term":[{"taxonomy":"yst_prominent_words","embeddable":true,"href":"https:\/\/www.gutachten-unger.de\/es\/wp-json\/wp\/v2\/yst_prominent_words?post=2115"}],"curies":[{"name":"wp","href":"https:\/\/api.w.org\/{rel}","templated":true}]}}