{"id":2239,"date":"2025-08-11T11:06:26","date_gmt":"2025-08-11T09:06:26","guid":{"rendered":"https:\/\/www.gutachten-unger.de\/immo-es\/"},"modified":"2025-09-13T18:00:13","modified_gmt":"2025-09-13T16:00:13","slug":"immo-es","status":"publish","type":"page","link":"https:\/\/www.gutachten-unger.de\/es\/immo-es\/","title":{"rendered":"Immo ES"},"content":{"rendered":"<div class=\"fusion-fullwidth fullwidth-box fusion-builder-row-1 hundred-percent-fullwidth non-hundred-percent-height-scrolling fusion-equal-height-columns\" style=\"--awb-background-position:right center;--awb-border-sizes-top:0px;--awb-border-sizes-bottom:0px;--awb-border-sizes-left:0px;--awb-border-sizes-right:0px;--awb-border-radius-top-left:0px;--awb-border-radius-top-right:0px;--awb-border-radius-bottom-right:0px;--awb-border-radius-bottom-left:0px;--awb-padding-right:20px;--awb-padding-bottom:0px;--awb-padding-left:20px;--awb-flex-wrap:wrap;\" ><div class=\"fusion-builder-row fusion-row\"><div class=\"fusion-layout-column fusion_builder_column fusion-builder-column-0 fusion_builder_column_1_1 1_1 fusion-one-full fusion-column-first fusion-column-last\" style=\"--awb-padding-right:50px;--awb-bg-size:cover;\"><div class=\"fusion-column-wrapper fusion-flex-column-wrapper-legacy\"><div class=\"fusion-text fusion-text-1\"><h2 style=\"text-align: left;\">Tu propiedad en Espa\u00f1a<\/h2>\n<\/div><div class=\"fusion-sep-clear\"><\/div><div class=\"fusion-separator fusion-clearfix\" style=\"float:left;margin-top:0px;margin-bottom:30px;width:100%;max-width:206px;\"><div class=\"fusion-separator-border sep-single sep-solid\" style=\"--awb-height:20px;--awb-amount:20px;--awb-sep-color:#870b13;border-color:#870b13;border-top-width:2px;\"><\/div><\/div><div class=\"fusion-sep-clear\"><\/div><div class=\"fusion-text fusion-text-2\"><h3><img decoding=\"async\" class=\"alignright wp-image-2210 size-fusion-400\" src=\"https:\/\/www.gutachten-unger.de\/wp-content\/uploads\/svbuero_unger-Imoo-400x267.png\" alt=\"\" width=\"400\" height=\"267\" srcset=\"https:\/\/www.gutachten-unger.de\/wp-content\/uploads\/svbuero_unger-Imoo-200x133.png 200w, https:\/\/www.gutachten-unger.de\/wp-content\/uploads\/svbuero_unger-Imoo-300x200.png 300w, https:\/\/www.gutachten-unger.de\/wp-content\/uploads\/svbuero_unger-Imoo-400x267.png 400w, https:\/\/www.gutachten-unger.de\/wp-content\/uploads\/svbuero_unger-Imoo-600x400.png 600w, https:\/\/www.gutachten-unger.de\/wp-content\/uploads\/svbuero_unger-Imoo-768x512.png 768w, https:\/\/www.gutachten-unger.de\/wp-content\/uploads\/svbuero_unger-Imoo-800x533.png 800w, https:\/\/www.gutachten-unger.de\/wp-content\/uploads\/svbuero_unger-Imoo-1024x683.png 1024w, https:\/\/www.gutachten-unger.de\/wp-content\/uploads\/svbuero_unger-Imoo-1200x800.png 1200w, https:\/\/www.gutachten-unger.de\/wp-content\/uploads\/svbuero_unger-Imoo.png 1536w\" sizes=\"(max-width: 400px) 100vw, 400px\" \/>\u00bfUn reto? Resuelto para ti:<\/h3>\n<p>Comprar una vivienda ya es un reto en Alemania, pero a\u00fan lo es m\u00e1s en el extranjero.<\/p>\n<p>Pues bien, Espa\u00f1a no es Alemania y se aplican las leyes, reglamentos y condiciones locales.<\/p>\n<p>Comprar una casa o un terreno no tiene por qu\u00e9 ser complicado. Simplemente es diferente y tambi\u00e9n hay normativas m\u00e1s sensatas que en Alemania.<\/p>\n<p>Seg\u00fan mi experiencia, \u00e9sta es una de las mayores preocupaciones de los compradores: \u00bfC\u00f3mo encuentro una empresa reputada y de alta calidad cuando se trata de una obra nueva?<\/p>\n<p>En realidad, una empresa as\u00ed s\u00f3lo puede encontrarse a nivel local. El rendimiento puede evaluarse mediante el proceso de construcci\u00f3n. Esto incluye honradez y seriedad, voluntad y capacidad de rendimiento, as\u00ed como comunicaci\u00f3n a la altura de los ojos.<\/p>\n<p>Una recomendaci\u00f3n personal es la empresa MONGOMAR. Ya he podido acompa\u00f1ar proyectos de construcci\u00f3n aqu\u00ed y convencerme del trato profesional. La empresa lleva m\u00e1s de 50 a\u00f1os en activo y de gesti\u00f3n familiar.<\/p>\n<p>Se est\u00e1 construyendo en la pintoresca zona de la Costa Blanca, en el noreste de Alicante. A menudo en Pedreguer, municipio de la Marina Alta que limita con los municipios de Llosa de Camacho (Alcalalc), Beniarbeig, Benidoleig, Denia, Gata de Gorgos, Jalin, Lleber y Ondara.<\/p>\n<p>Los siguientes proyectos est\u00e1n en preparaci\u00f3n y representan una peque\u00f1a selecci\u00f3n.<\/p>\n<p>Si est\u00e1s interesado, ponte en contacto conmigo.<\/p>\n<\/div><style type=\"text\/css\">.fusion-portfolio-wrapper#fusion-portfolio-1 .fusion-portfolio-content{ padding: 25px 25px 25px 25px; text-align: left; }<\/style><div class=\"fusion-recent-works fusion-portfolio-element fusion-portfolio fusion-portfolio-1 fusion-portfolio-grid fusion-portfolio-paging-infinite fusion-portfolio-three fusion-portfolio-boxed fusion-portfolio-text fusion-portfolio-equal-heights fusion-animated\" data-id=\"-rw-1\" data-columns=\"three\" data-animationType=\"bounceInLeft\" data-animationDuration=\"0.3\" data-animationOffset=\"top-into-view\"><div><ul class=\"fusion-filters\" role=\"menu\" aria-label=\"Portfolio Filters\"><li role=\"presentation\" class=\"fusion-filter fusion-hidden fusion-active\"><a href=\"#\" data-filter=\".inmobiliaria-en-la-costa-blanca\" role=\"menuitem\">Inmobiliaria en la Costa Blanca<\/a><\/li><\/ul><\/div><style type=\"text\/css\">.fusion-portfolio-1 .fusion-portfolio-wrapper .fusion-col-spacing{padding:12.5px;}<\/style><div class=\"fusion-portfolio-wrapper\" id=\"fusion-portfolio-1\" data-picturesize=\"auto\" data-pages=\"1\" style=\"margin:-12.5px;\"><article id=\"portfolio-1-post-2249\" class=\"fusion-portfolio-post inmobiliaria-en-la-costa-blanca fusion-col-spacing post-2249\"><div class=\"fusion-portfolio-content-wrapper\" style=\"border:1px solid #f5f5f5;border-bottom-width:3px;background-color:rgba(255,255,255,1);\"><span class=\"vcard rich-snippet-hidden\"><span class=\"fn\"><a href=\"https:\/\/www.gutachten-unger.de\/es\/author\/wp_admin\/\" title=\"Entradas de wp_admin\" rel=\"author\">wp_admin<\/a><\/span><\/span><span class=\"updated rich-snippet-hidden\">2025-08-11T11:13:09+02:00<\/span><div  class=\"fusion-image-wrapper\" aria-haspopup=\"true\">\n\t\t\t\t\t\t\t<a href=\"https:\/\/mongomar.com\/en\/offers-en\/villa-ocaive\" aria-label=\"Villa Ocaive\">\n\t\t\t\t\t\t\t<img decoding=\"async\" width=\"2560\" height=\"1280\" src=\"https:\/\/www.gutachten-unger.de\/wp-content\/uploads\/1-ocaive-1754549471-scaled.jpg\" class=\"attachment-full size-full wp-post-image\" alt=\"\" srcset=\"https:\/\/www.gutachten-unger.de\/wp-content\/uploads\/1-ocaive-1754549471-200x100.jpg 200w, https:\/\/www.gutachten-unger.de\/wp-content\/uploads\/1-ocaive-1754549471-400x200.jpg 400w, https:\/\/www.gutachten-unger.de\/wp-content\/uploads\/1-ocaive-1754549471-600x300.jpg 600w, https:\/\/www.gutachten-unger.de\/wp-content\/uploads\/1-ocaive-1754549471-800x400.jpg 800w, https:\/\/www.gutachten-unger.de\/wp-content\/uploads\/1-ocaive-1754549471-1200x600.jpg 1200w, https:\/\/www.gutachten-unger.de\/wp-content\/uploads\/1-ocaive-1754549471-scaled.jpg 2560w\" sizes=\"(min-width: 2200px) 100vw, (min-width: 824px) 403px, (min-width: 732px) 605px, (min-width: 640px) 732px, \" \/>\t\t\t<\/a>\n\t\t\t\t\t\t\t<\/div>\n<div class=\"fusion-portfolio-content\" style=\"background-color:rgba(255,255,255,1);\"><h2 class=\"entry-title fusion-post-title\"><a href=\"https:\/\/www.gutachten-unger.de\/es\/portfolio-items\/villa-ocaive\/?portfolioCats=646\" target=\"_blank\" rel=\"noopener noreferrer\">Villa Ocaive<\/a><\/h2><div class=\"fusion-portfolio-meta\"><a href=\"https:\/\/www.gutachten-unger.de\/es\/immobilien-spanien-infos\/inmobiliaria-en-la-costa-blanca\/\" rel=\"tag\">Inmobiliaria en la Costa Blanca<\/a><\/div><div class=\"fusion-content-sep sep-single sep-solid\" style=\"border-color:#eae8e8;\"><\/div><div class=\"fusion-post-content\"><p><\/p><\/div><\/div><\/div><\/article><article id=\"portfolio-1-post-2248\" class=\"fusion-portfolio-post inmobiliaria-en-la-costa-blanca fusion-col-spacing post-2248\"><div class=\"fusion-portfolio-content-wrapper\" style=\"border:1px solid #f5f5f5;border-bottom-width:3px;background-color:rgba(255,255,255,1);\"><span class=\"vcard rich-snippet-hidden\"><span class=\"fn\"><a href=\"https:\/\/www.gutachten-unger.de\/es\/author\/wp_admin\/\" title=\"Entradas de wp_admin\" rel=\"author\">wp_admin<\/a><\/span><\/span><span class=\"updated rich-snippet-hidden\">2025-08-11T13:16:55+02:00<\/span><div  class=\"fusion-image-wrapper\" aria-haspopup=\"true\">\n\t\t\t\t\t\t\t<a href=\"https:\/\/mongomar.com\/en\/offers-en\/villa-fondo\" aria-label=\"Villa Fondo\">\n\t\t\t\t\t\t\t<img decoding=\"async\" width=\"2560\" height=\"1495\" src=\"https:\/\/www.gutachten-unger.de\/wp-content\/uploads\/villa-fondo-svunger_1-scaled.jpg\" class=\"attachment-full size-full wp-post-image\" alt=\"\" srcset=\"https:\/\/www.gutachten-unger.de\/wp-content\/uploads\/villa-fondo-svunger_1-200x117.jpg 200w, https:\/\/www.gutachten-unger.de\/wp-content\/uploads\/villa-fondo-svunger_1-400x234.jpg 400w, https:\/\/www.gutachten-unger.de\/wp-content\/uploads\/villa-fondo-svunger_1-600x350.jpg 600w, https:\/\/www.gutachten-unger.de\/wp-content\/uploads\/villa-fondo-svunger_1-800x467.jpg 800w, https:\/\/www.gutachten-unger.de\/wp-content\/uploads\/villa-fondo-svunger_1-1200x701.jpg 1200w, https:\/\/www.gutachten-unger.de\/wp-content\/uploads\/villa-fondo-svunger_1-scaled.jpg 2560w\" sizes=\"(min-width: 2200px) 100vw, (min-width: 824px) 403px, (min-width: 732px) 605px, (min-width: 640px) 732px, \" \/>\t\t\t<\/a>\n\t\t\t\t\t\t\t<\/div>\n<div class=\"fusion-portfolio-content\" style=\"background-color:rgba(255,255,255,1);\"><h2 class=\"entry-title fusion-post-title\"><a href=\"https:\/\/www.gutachten-unger.de\/es\/portfolio-items\/villa-fondo\/?portfolioCats=646\" target=\"_blank\" rel=\"noopener noreferrer\">Villa Fondo<\/a><\/h2><div class=\"fusion-portfolio-meta\"><a href=\"https:\/\/www.gutachten-unger.de\/es\/immobilien-spanien-infos\/inmobiliaria-en-la-costa-blanca\/\" rel=\"tag\">Inmobiliaria en la Costa Blanca<\/a><\/div><div class=\"fusion-content-sep sep-single sep-solid\" style=\"border-color:#eae8e8;\"><\/div><div class=\"fusion-post-content\"><p><\/p><\/div><\/div><\/div><\/article><article id=\"portfolio-1-post-2247\" class=\"fusion-portfolio-post inmobiliaria-en-la-costa-blanca fusion-col-spacing post-2247\"><div class=\"fusion-portfolio-content-wrapper\" style=\"border:1px solid #f5f5f5;border-bottom-width:3px;background-color:rgba(255,255,255,1);\"><span class=\"vcard rich-snippet-hidden\"><span class=\"fn\"><a href=\"https:\/\/www.gutachten-unger.de\/es\/author\/wp_admin\/\" title=\"Entradas de wp_admin\" rel=\"author\">wp_admin<\/a><\/span><\/span><span class=\"updated rich-snippet-hidden\">2025-09-12T14:10:12+02:00<\/span><div  class=\"fusion-image-wrapper\" aria-haspopup=\"true\">\n\t\t\t\t\t\t\t<a href=\"https:\/\/mongomar.com\/en\/offers-en\/villa-xuquer-28\" aria-label=\"Villa X\u00faquer\">\n\t\t\t\t\t\t\t<img decoding=\"async\" width=\"640\" height=\"480\" src=\"https:\/\/www.gutachten-unger.de\/wp-content\/uploads\/xuquer2-1689939576.jpeg\" class=\"attachment-full size-full wp-post-image\" alt=\"\" srcset=\"https:\/\/www.gutachten-unger.de\/wp-content\/uploads\/xuquer2-1689939576-200x150.jpeg 200w, https:\/\/www.gutachten-unger.de\/wp-content\/uploads\/xuquer2-1689939576-400x300.jpeg 400w, https:\/\/www.gutachten-unger.de\/wp-content\/uploads\/xuquer2-1689939576-600x450.jpeg 600w, https:\/\/www.gutachten-unger.de\/wp-content\/uploads\/xuquer2-1689939576.jpeg 640w\" sizes=\"(min-width: 2200px) 100vw, (min-width: 824px) 403px, (min-width: 732px) 605px, (min-width: 640px) 732px, \" \/>\t\t\t<\/a>\n\t\t\t\t\t\t\t<\/div>\n<div class=\"fusion-portfolio-content\" style=\"background-color:rgba(255,255,255,1);\"><h2 class=\"entry-title fusion-post-title\"><a href=\"https:\/\/www.gutachten-unger.de\/es\/portfolio-items\/villa-xuquer\/?portfolioCats=646\" target=\"_blank\" rel=\"noopener noreferrer\">Villa X\u00faquer<\/a><\/h2><div class=\"fusion-portfolio-meta\"><a href=\"https:\/\/www.gutachten-unger.de\/es\/immobilien-spanien-infos\/inmobiliaria-en-la-costa-blanca\/\" rel=\"tag\">Inmobiliaria en la Costa Blanca<\/a><\/div><div class=\"fusion-content-sep sep-single sep-solid\" style=\"border-color:#eae8e8;\"><\/div><div class=\"fusion-post-content\"><p><\/p><\/div><\/div><\/div><\/article><article id=\"portfolio-1-post-2246\" class=\"fusion-portfolio-post inmobiliaria-en-la-costa-blanca fusion-col-spacing post-2246\"><div class=\"fusion-portfolio-content-wrapper\" style=\"border:1px solid #f5f5f5;border-bottom-width:3px;background-color:rgba(255,255,255,1);\"><span class=\"vcard rich-snippet-hidden\"><span class=\"fn\"><a href=\"https:\/\/www.gutachten-unger.de\/es\/author\/wp_admin\/\" title=\"Entradas de wp_admin\" rel=\"author\">wp_admin<\/a><\/span><\/span><span class=\"updated rich-snippet-hidden\">2025-09-12T14:41:11+02:00<\/span><div  class=\"fusion-image-wrapper\" aria-haspopup=\"true\">\n\t\t\t\t\t\t\t<a href=\"https:\/\/mongomar.com\/en\/offers-en\/villa-albufera-10\" aria-label=\"Villa Albufera 10\">\n\t\t\t\t\t\t\t<img decoding=\"async\" width=\"640\" height=\"480\" src=\"https:\/\/www.gutachten-unger.de\/wp-content\/uploads\/villa-albufera.jpg\" class=\"attachment-full size-full wp-post-image\" alt=\"\" srcset=\"https:\/\/www.gutachten-unger.de\/wp-content\/uploads\/villa-albufera-200x150.jpg 200w, https:\/\/www.gutachten-unger.de\/wp-content\/uploads\/villa-albufera-400x300.jpg 400w, https:\/\/www.gutachten-unger.de\/wp-content\/uploads\/villa-albufera-600x450.jpg 600w, https:\/\/www.gutachten-unger.de\/wp-content\/uploads\/villa-albufera.jpg 640w\" sizes=\"(min-width: 2200px) 100vw, (min-width: 824px) 403px, (min-width: 732px) 605px, (min-width: 640px) 732px, \" \/>\t\t\t<\/a>\n\t\t\t\t\t\t\t<\/div>\n<div class=\"fusion-portfolio-content\" style=\"background-color:rgba(255,255,255,1);\"><h2 class=\"entry-title fusion-post-title\"><a href=\"https:\/\/www.gutachten-unger.de\/es\/portfolio-items\/villa-albufera-10\/?portfolioCats=646\" target=\"_blank\" rel=\"noopener noreferrer\">Villa Albufera 10<\/a><\/h2><div class=\"fusion-portfolio-meta\"><a href=\"https:\/\/www.gutachten-unger.de\/es\/immobilien-spanien-infos\/inmobiliaria-en-la-costa-blanca\/\" rel=\"tag\">Inmobiliaria en la Costa Blanca<\/a><\/div><div class=\"fusion-content-sep sep-single sep-solid\" style=\"border-color:#eae8e8;\"><\/div><div class=\"fusion-post-content\"><p><\/p><\/div><\/div><\/div><\/article><article id=\"portfolio-1-post-2245\" class=\"fusion-portfolio-post inmobiliaria-en-la-costa-blanca fusion-col-spacing post-2245\"><div class=\"fusion-portfolio-content-wrapper\" style=\"border:1px solid #f5f5f5;border-bottom-width:3px;background-color:rgba(255,255,255,1);\"><span class=\"vcard rich-snippet-hidden\"><span class=\"fn\"><a href=\"https:\/\/www.gutachten-unger.de\/es\/author\/wp_admin\/\" title=\"Entradas de wp_admin\" rel=\"author\">wp_admin<\/a><\/span><\/span><span class=\"updated rich-snippet-hidden\">2025-09-12T14:41:54+02:00<\/span><div  class=\"fusion-image-wrapper\" aria-haspopup=\"true\">\n\t\t\t\t\t\t\t<a href=\"https:\/\/mongomar.com\/en\/offers-en\/villa-albufera-6\" aria-label=\"Villa Albufera 6\">\n\t\t\t\t\t\t\t<img decoding=\"async\" width=\"640\" height=\"480\" src=\"https:\/\/www.gutachten-unger.de\/wp-content\/uploads\/villa-albufera-6.jpg\" class=\"attachment-full size-full wp-post-image\" alt=\"\" srcset=\"https:\/\/www.gutachten-unger.de\/wp-content\/uploads\/villa-albufera-6-200x150.jpg 200w, https:\/\/www.gutachten-unger.de\/wp-content\/uploads\/villa-albufera-6-400x300.jpg 400w, https:\/\/www.gutachten-unger.de\/wp-content\/uploads\/villa-albufera-6-600x450.jpg 600w, https:\/\/www.gutachten-unger.de\/wp-content\/uploads\/villa-albufera-6.jpg 640w\" sizes=\"(min-width: 2200px) 100vw, (min-width: 824px) 403px, (min-width: 732px) 605px, (min-width: 640px) 732px, \" \/>\t\t\t<\/a>\n\t\t\t\t\t\t\t<\/div>\n<div class=\"fusion-portfolio-content\" style=\"background-color:rgba(255,255,255,1);\"><h2 class=\"entry-title fusion-post-title\"><a href=\"https:\/\/www.gutachten-unger.de\/es\/portfolio-items\/villa-albufera-6\/?portfolioCats=646\" target=\"_blank\" rel=\"noopener noreferrer\">Villa Albufera 6<\/a><\/h2><div class=\"fusion-portfolio-meta\"><a href=\"https:\/\/www.gutachten-unger.de\/es\/immobilien-spanien-infos\/inmobiliaria-en-la-costa-blanca\/\" rel=\"tag\">Inmobiliaria en la Costa Blanca<\/a><\/div><div class=\"fusion-content-sep sep-single sep-solid\" style=\"border-color:#eae8e8;\"><\/div><div class=\"fusion-post-content\"><p><\/p><\/div><\/div><\/div><\/article><article id=\"portfolio-1-post-2250\" class=\"fusion-portfolio-post inmobiliaria-en-la-costa-blanca fusion-col-spacing post-2250\"><div class=\"fusion-portfolio-content-wrapper\" style=\"border:1px solid #f5f5f5;border-bottom-width:3px;background-color:rgba(255,255,255,1);\"><span class=\"vcard rich-snippet-hidden\"><span class=\"fn\"><a href=\"https:\/\/www.gutachten-unger.de\/es\/author\/wp_admin\/\" title=\"Entradas de wp_admin\" rel=\"author\">wp_admin<\/a><\/span><\/span><span class=\"updated rich-snippet-hidden\">2025-09-12T14:42:34+02:00<\/span><div  class=\"fusion-image-wrapper\" aria-haspopup=\"true\">\n\t\t\t\t\t\t\t<a href=\"https:\/\/mongomar.com\/en\/offers-en\/villa-benidoleig\" aria-label=\"Villa Benidoleig\">\n\t\t\t\t\t\t\t<img decoding=\"async\" width=\"640\" height=\"480\" src=\"https:\/\/www.gutachten-unger.de\/wp-content\/uploads\/benidoleig-1689941656.jpeg\" class=\"attachment-full size-full wp-post-image\" alt=\"\" srcset=\"https:\/\/www.gutachten-unger.de\/wp-content\/uploads\/benidoleig-1689941656-200x150.jpeg 200w, https:\/\/www.gutachten-unger.de\/wp-content\/uploads\/benidoleig-1689941656-400x300.jpeg 400w, https:\/\/www.gutachten-unger.de\/wp-content\/uploads\/benidoleig-1689941656-600x450.jpeg 600w, https:\/\/www.gutachten-unger.de\/wp-content\/uploads\/benidoleig-1689941656.jpeg 640w\" sizes=\"(min-width: 2200px) 100vw, (min-width: 824px) 403px, (min-width: 732px) 605px, (min-width: 640px) 732px, \" \/>\t\t\t<\/a>\n\t\t\t\t\t\t\t<\/div>\n<div class=\"fusion-portfolio-content\" style=\"background-color:rgba(255,255,255,1);\"><h2 class=\"entry-title fusion-post-title\"><a href=\"https:\/\/www.gutachten-unger.de\/es\/portfolio-items\/villa-benidoleig\/?portfolioCats=646\" target=\"_blank\" rel=\"noopener noreferrer\">Villa Benidoleig<\/a><\/h2><div class=\"fusion-portfolio-meta\"><a href=\"https:\/\/www.gutachten-unger.de\/es\/immobilien-spanien-infos\/inmobiliaria-en-la-costa-blanca\/\" rel=\"tag\">Inmobiliaria en la Costa Blanca<\/a><\/div><div class=\"fusion-content-sep sep-single sep-solid\" style=\"border-color:#eae8e8;\"><\/div><div class=\"fusion-post-content\"><p><\/p><\/div><\/div><\/div><\/article><\/div><\/div><div class=\"fusion-clearfix\"><\/div><\/div><\/div><\/div><\/div>\n","protected":false},"excerpt":{"rendered":"","protected":false},"author":1,"featured_media":0,"parent":0,"menu_order":0,"comment_status":"closed","ping_status":"closed","template":"100-width.php","meta":{"footnotes":""},"yst_prominent_words":[],"class_list":["post-2239","page","type-page","status-publish","hentry"],"_links":{"self":[{"href":"https:\/\/www.gutachten-unger.de\/es\/wp-json\/wp\/v2\/pages\/2239","targetHints":{"allow":["GET"]}}],"collection":[{"href":"https:\/\/www.gutachten-unger.de\/es\/wp-json\/wp\/v2\/pages"}],"about":[{"href":"https:\/\/www.gutachten-unger.de\/es\/wp-json\/wp\/v2\/types\/page"}],"author":[{"embeddable":true,"href":"https:\/\/www.gutachten-unger.de\/es\/wp-json\/wp\/v2\/users\/1"}],"replies":[{"embeddable":true,"href":"https:\/\/www.gutachten-unger.de\/es\/wp-json\/wp\/v2\/comments?post=2239"}],"version-history":[{"count":5,"href":"https:\/\/www.gutachten-unger.de\/es\/wp-json\/wp\/v2\/pages\/2239\/revisions"}],"predecessor-version":[{"id":2244,"href":"https:\/\/www.gutachten-unger.de\/es\/wp-json\/wp\/v2\/pages\/2239\/revisions\/2244"}],"wp:attachment":[{"href":"https:\/\/www.gutachten-unger.de\/es\/wp-json\/wp\/v2\/media?parent=2239"}],"wp:term":[{"taxonomy":"yst_prominent_words","embeddable":true,"href":"https:\/\/www.gutachten-unger.de\/es\/wp-json\/wp\/v2\/yst_prominent_words?post=2239"}],"curies":[{"name":"wp","href":"https:\/\/api.w.org\/{rel}","templated":true}]}}